{"id":2302,"date":"2012-10-03T22:55:11","date_gmt":"2012-10-03T20:55:11","guid":{"rendered":"http:\/\/www.instalcaz.eu\/de\/?page_id=2302"},"modified":"2012-10-03T22:57:59","modified_gmt":"2012-10-03T20:57:59","slug":"unternehmen","status":"publish","type":"page","link":"http:\/\/www.instalcaz.eu\/de\/unternehmen\/","title":{"rendered":"Unser Unternehmen"},"content":{"rendered":"<span class=\"frame alignright\"><a href=\"http:\/\/www.instalcaz.eu\/wp-content\/uploads\/insta_123.jpg\" title=\"Despre noi\"  rel=\"prettyPhoto[rt_theme_thumb]\" class=\"imgeffect plus\"><img src=\"http:\/\/www.instalcaz.eu\/wp-content\/uploads\/insta_123-225x145.jpg\" alt=\"insta 123 225x145 Unser Unternehmen\" class=\"align\" title=\"Unser Unternehmen\" \/><\/a><\/span>\n<p>Gegr\u00fcndet im Jahr 1998 von Ingenieuren und Spezialisten mit langj\u00e4hriger Erfahrung in dem Gebiet, freut sich unser Unternehmen auf eine lange Tradition in den Thermotechnik und Stahlbau Sektoren. Von Anfang an unsere Hauptt\u00e4tigkeit ist die Montage, Aufrechterhaltung und Reparatur von Industrie-Heizkessel und die zuf\u00fchrenden Anlagen. Ein sehr wichtiger Teil ist die Planung und Ausf\u00fchrung von Apparaten, wie Druckbeh\u00e4lter, Behalter, W\u00e4rmetauschern, usw. und anderen Stahlkonstruktionen f\u00fcr Einsatz in verschiedenen Anlagen.<br \/>\n<br \/>\n<span class=\"frame alignright\"><a href=\"http:\/\/www.instalcaz.eu\/wp-content\/uploads\/2012\/02\/pp7.jpg\" title=\"Despre noi\"  rel=\"prettyPhoto[rt_theme_thumb]\" class=\"imgeffect plus\"><img src=\"http:\/\/www.instalcaz.eu\/wp-content\/uploads\/2012\/02\/pp7-135x98.jpg\" alt=\"pp7 135x98 Unser Unternehmen\" class=\"align\" title=\"Unser Unternehmen\" \/><\/a><\/span><br \/>\nUnser erfahrenes Team von Ingenieuren ist in der Lage unseren Kunden L\u00f6sungen f\u00fcr viele Projekte zu bieten. F\u00fcr die mehr komplexe Projekten, in F\u00e4llen, in denen wir nicht lizenziert sind, arbeiten wir mit Fachleuten und spezifischen Design-Firmen, um unseren Kunden die besten L\u00f6sungen zu bieten bei der Gestaltung von Anlagen oder spezielle Apparaten, Ausr\u00fcstungen und Stahlkonstruktionen.<br \/>\n<br \/>\n<span class=\"frame alignright\"><a href=\"http:\/\/www.instalcaz.eu\/wp-content\/uploads\/insta_1.jpg\" title=\"Despre noi\"  rel=\"prettyPhoto[rt_theme_thumb]\" class=\"imgeffect plus\"><img src=\"http:\/\/www.instalcaz.eu\/wp-content\/uploads\/insta_1-255x148.jpg\" alt=\"insta 1 255x148 Unser Unternehmen\" class=\"align\" title=\"Unser Unternehmen\" \/><\/a><\/span><br \/>\nIm unseren voll ausgestatteten Industrie-Werkstatt haben wir die M\u00f6glichkeiten fur die Ausf\u00fchrung einer Vielzahl von geschwei\u00dften Konstruktionen und andere Stahlkonstruktionen. Unser geschultes und erfahrenes Personal ist zur Verf\u00fcgung f\u00fcr Vor-Ort-Hinrichtungen, wie Montage von Stahlkonstruktionen, industriellen Kessel, Schornsteine, Beh\u00e4ltern, W\u00e4rmetauschern oder anderen Ger\u00e4ten, Schwei\u00dfarbeiten, Rohrleitungen und andere Projekte.<\/p>\n<p>Instalcaz besitzt ISO 9001 und ISO 14001 Zertificate. Unsere Ingenieure und Schwei\u00dfer sind von der rum\u00e4nischen Inspektion und Genehmigungsbeh\u00f6rde im unserem Gebiet (ISCIR) lizenziert und verf\u00fcgen \u00fcber ordnungsgem\u00e4\u00dfe Zertifizierung (EN 287-1 f\u00fcr Schwei\u00dfen).<\/p>\n<p align=\"center\"><img decoding=\"async\" loading=\"lazy\" src=\"http:\/\/www.instalcaz.eu\/wp-content\/uploads\/iso9001.jpg\" width=\"250\" height=\"350\" align=\"center\" title=\"Unser Unternehmen\" alt=\"iso9001 Unser Unternehmen\" \/>   <img decoding=\"async\" loading=\"lazy\" src=\"http:\/\/www.instalcaz.eu\/wp-content\/uploads\/iso14001.jpg\" width=\"250\" height=\"350\" align=\"center\" title=\"Unser Unternehmen\" alt=\"iso14001 Unser Unternehmen\" \/><\/p>","protected":false},"excerpt":{"rendered":"<p>Gegr\u00fcndet im Jahr 1998 von Ingenieuren und Spezialisten mit langj\u00e4hriger Erfahrung in dem Gebiet, freut sich unser Unternehmen auf eine lange Tradition in den Thermotechnik und Stahlbau Sektoren. Von Anfang an unsere Hauptt\u00e4tigkeit ist die Montage, Aufrechterhaltung und Reparatur von Industrie-Heizkessel und die zuf\u00fchrenden Anlagen. Ein sehr wichtiger Teil ist die Planung und Ausf\u00fchrung von [&hellip;]<\/p>\n","protected":false},"author":1,"featured_media":0,"parent":0,"menu_order":0,"comment_status":"closed","ping_status":"open","template":"","meta":[],"_links":{"self":[{"href":"http:\/\/www.instalcaz.eu\/de\/wp-json\/wp\/v2\/pages\/2302"}],"collection":[{"href":"http:\/\/www.instalcaz.eu\/de\/wp-json\/wp\/v2\/pages"}],"about":[{"href":"http:\/\/www.instalcaz.eu\/de\/wp-json\/wp\/v2\/types\/page"}],"author":[{"embeddable":true,"href":"http:\/\/www.instalcaz.eu\/de\/wp-json\/wp\/v2\/users\/1"}],"replies":[{"embeddable":true,"href":"http:\/\/www.instalcaz.eu\/de\/wp-json\/wp\/v2\/comments?post=2302"}],"version-history":[{"count":3,"href":"http:\/\/www.instalcaz.eu\/de\/wp-json\/wp\/v2\/pages\/2302\/revisions"}],"predecessor-version":[{"id":2305,"href":"http:\/\/www.instalcaz.eu\/de\/wp-json\/wp\/v2\/pages\/2302\/revisions\/2305"}],"wp:attachment":[{"href":"http:\/\/www.instalcaz.eu\/de\/wp-json\/wp\/v2\/media?parent=2302"}],"curies":[{"name":"wp","href":"https:\/\/api.w.org\/{rel}","templated":true}]}}