{"id":2306,"date":"2012-10-03T23:14:17","date_gmt":"2012-10-03T21:14:17","guid":{"rendered":"http:\/\/www.instalcaz.eu\/de\/?page_id=2306"},"modified":"2012-10-16T09:37:27","modified_gmt":"2012-10-16T07:37:27","slug":"druckbehalter","status":"publish","type":"page","link":"http:\/\/www.instalcaz.eu\/de\/druckbehalter\/","title":{"rendered":"Druckbeh\u00e4lter"},"content":{"rendered":"<p>Wir haben die F\u00e4higkeiten um eine breite Palette von Druckbeh\u00e4ltern zu bauen, nach der Dokumentation unserer Kunden oder durch die Gestaltung unserer Team von Ingenieuren. Abh\u00e4ngig von der Nutzung gibt es zahlreiche Arten von Druckbeh\u00e4ltern, von kleinen bis sehr gro\u00dfe, wie <strong> Kolonnen<\/strong>, Reaktoren, Separatoren, Fermentatoren usw.<\/p>\n<p>Die Qualit\u00e4t der Ausf\u00fchrung ist von gro\u00dfer Bedeutung f\u00fcr uns. Unsere Schwei\u00dfer und Angestellte sind regelm\u00e4\u00dfig geschult und \u00fcberpr\u00fcft zur Qualit\u00e4tssicherung von der rum\u00e4nischen Beh\u00f6rde f\u00fcr Kontrolle und Genehmigung im Bereich (ISCIR). Die von uns in der Fertigung verwendeten Materialien haben Zertifikate fur Qualit\u00e4t ausgestellt von dem Hersteller und Teste k\u00f6nnen durchgef\u00fchrt werden, um die Qualit\u00e4t der Schwei\u00df- und der Endprodukte zu \u00fcberpr\u00fcfen.<\/p>\n<table border=\"0\" style=\"background-color:white;\"  cellspacing=\"0\">\n<tbody>\n<tr>\n<td valign=\"top\" width=\"180\">\n<u>Beispiele von Druckbeh\u00e4lter:<\/u><br \/>\nBeh\u00e4lter fur Lagerung<br \/>\nReaktoren<br \/>\nKolonnen<br \/>\nSeparatoren<br \/>\nSand-Filter<br \/>\nDegasoren<\/p>\n<p>Andere Arten f\u00fcr verschiedene Anwendungen<\/p>\n<\/td>\n<td valign=\"top\" width=\"130\">\n<u>Industriesektoren:<\/u><br \/>\n     Agrochemie<br \/>\n     Chemieindustrie<br \/>\n     Energie<br \/>\n     Lebensmittelindustrie<br \/>\n     Petrochemical<br \/>\n     Pharmazie<br \/>\n     Plastics<br \/>\n     Raffination<br \/>\n     Wasseraufbereitung<\/p>\n<td valign=\"top\" width=\"240\">\n<p><u>Materialien verwendet in der Fertigung:<\/u><br \/>\nKohlenstoffstahl<br \/>\nAustenitic Edelstahl<br \/>\nSuperaustenitic Edelstahl<br \/>\nDuplex and Superduplex Edelstahl<br \/>\nNickel Legierungen und Superlegierungen<br \/>\nTitanium\n<\/td>\n<\/tr>\n<\/tbody>\n<\/table>\n<div class=\"photo_gallery\"><ul>\n<li><span class=\"frame\"><a href=\"http:\/\/www.instalcaz.eu\/wp-content\/uploads\/2012\/10\/pressure-vessel-1.jpg \" title=\"\"  rel=\"prettyPhoto[rt_photo_gallery]\" class=\"imgeffect plus\"><img src=\"http:\/\/www.instalcaz.eu\/wp-content\/uploads\/2012\/10\/pressure-vessel-1-129x135.jpg\" alt=\"pressure vessel 1 129x135 Druckbeh\u00e4lter\"  title=\"Druckbeh\u00e4lter\" \/><\/a><\/span><span class=\"p_caption\" style=\"width:129px\"><\/span><\/li>\n<li><span class=\"frame\"><a href=\"http:\/\/www.instalcaz.eu\/wp-content\/uploads\/2012\/10\/pressure-vessel-2.jpg \" title=\"\"  rel=\"prettyPhoto[rt_photo_gallery]\" class=\"imgeffect plus\"><img src=\"http:\/\/www.instalcaz.eu\/wp-content\/uploads\/2012\/10\/pressure-vessel-2-129x135.jpg\" alt=\"pressure vessel 2 129x135 Druckbeh\u00e4lter\"  title=\"Druckbeh\u00e4lter\" \/><\/a><\/span><span class=\"p_caption\" style=\"width:129px\"><\/span><\/li>\n<li><span class=\"frame\"><a href=\"http:\/\/www.instalcaz.eu\/wp-content\/uploads\/2012\/10\/pressure-vessel-3.jpg \" title=\"\"  rel=\"prettyPhoto[rt_photo_gallery]\" class=\"imgeffect plus\"><img src=\"http:\/\/www.instalcaz.eu\/wp-content\/uploads\/2012\/10\/pressure-vessel-3-129x135.jpg\" alt=\"pressure vessel 3 129x135 Druckbeh\u00e4lter\"  title=\"Druckbeh\u00e4lter\" \/><\/a><\/span><span class=\"p_caption\" style=\"width:129px\"><\/span><\/li>\n<li><span class=\"frame\"><a href=\"http:\/\/www.instalcaz.eu\/wp-content\/uploads\/2012\/10\/pressure-vessel-4.jpg \" title=\"\"  rel=\"prettyPhoto[rt_photo_gallery]\" class=\"imgeffect plus\"><img src=\"http:\/\/www.instalcaz.eu\/wp-content\/uploads\/2012\/10\/pressure-vessel-4-129x135.jpg\" alt=\"pressure vessel 4 129x135 Druckbeh\u00e4lter\"  title=\"Druckbeh\u00e4lter\" \/><\/a><\/span><span class=\"p_caption\" style=\"width:129px\"><\/span><\/li>\n<li><span class=\"frame\"><a href=\"http:\/\/www.instalcaz.eu\/wp-content\/uploads\/2012\/10\/pressure-vessel-5.jpg \" title=\"\"  rel=\"prettyPhoto[rt_photo_gallery]\" class=\"imgeffect plus\"><img src=\"http:\/\/www.instalcaz.eu\/wp-content\/uploads\/2012\/10\/pressure-vessel-5-129x135.jpg\" alt=\"pressure vessel 5 129x135 Druckbeh\u00e4lter\"  title=\"Druckbeh\u00e4lter\" \/><\/a><\/span><span class=\"p_caption\" style=\"width:129px\"><\/span><\/li>\n<li><span class=\"frame\"><a href=\"http:\/\/www.instalcaz.eu\/wp-content\/uploads\/2012\/10\/pressure-vessel-6.jpg \" title=\"\"  rel=\"prettyPhoto[rt_photo_gallery]\" class=\"imgeffect plus\"><img src=\"http:\/\/www.instalcaz.eu\/wp-content\/uploads\/2012\/10\/pressure-vessel-6-129x135.jpg\" alt=\"pressure vessel 6 129x135 Druckbeh\u00e4lter\"  title=\"Druckbeh\u00e4lter\" \/><\/a><\/span><span class=\"p_caption\" style=\"width:129px\"><\/span><\/li>\n<li><span class=\"frame\"><a href=\"http:\/\/www.instalcaz.eu\/wp-content\/uploads\/2012\/10\/pressure-vessel-7.jpg \" title=\"\"  rel=\"prettyPhoto[rt_photo_gallery]\" class=\"imgeffect plus\"><img src=\"http:\/\/www.instalcaz.eu\/wp-content\/uploads\/2012\/10\/pressure-vessel-7-129x135.jpg\" alt=\"pressure vessel 7 129x135 Druckbeh\u00e4lter\"  title=\"Druckbeh\u00e4lter\" \/><\/a><\/span><span class=\"p_caption\" style=\"width:129px\"><\/span><\/li>\n<li><span class=\"frame\"><a href=\"http:\/\/www.instalcaz.eu\/wp-content\/uploads\/2012\/10\/pressure-vessel-8.jpg \" title=\"\"  rel=\"prettyPhoto[rt_photo_gallery]\" class=\"imgeffect plus\"><img src=\"http:\/\/www.instalcaz.eu\/wp-content\/uploads\/2012\/10\/pressure-vessel-8-129x135.jpg\" alt=\"pressure vessel 8 129x135 Druckbeh\u00e4lter\"  title=\"Druckbeh\u00e4lter\" \/><\/a><\/span><span class=\"p_caption\" style=\"width:129px\"><\/span><\/li>\n<\/ul><div class=\"clear\"><\/div><\/div>\n<p><u>H\u00e4ufig verwendete Kohlenstoffstahl:<\/u>  <b>P265GH<\/b> (1.0425) und <b>P235GH<\/b> (1.0345)<\/p>\n<p><u>H\u00e4ufig verwendete Edelstahl:<\/u><\/p>\n<table border=\"0\" style=\"background-color:white;\"  cellspacing=\"0\">\n<tbody>\n<tr>\n<td valign=\"top\" width=\"150\">\n<ul class=\"check\">\n<li><strong>AISI 304<\/strong><\/li>\n<li><strong>AISI 316<\/strong><\/li>\n<li><strong>AISI 316L<\/strong><\/li>\n<li><strong>AISI 316L<\/strong><\/li>\n<li><strong>AISI 321<\/strong><\/li>\n<li><strong>AISI 316Ti<\/strong><\/li>\n<\/ul>\n<\/td>\n<td valign=\"top\" width=\"190\">\n<ul>\n<li>X5CrNi18-10<\/li>\n<li>X5CrNiMo17-12-2<\/li>\n<li>X2CrNiMo17-12-2<\/li>\n<li>X2CrNiMo18-14-3<\/li>\n<li>X6CrNiTi18-10<\/li>\n<li>X6CrNiMoTi17-12-2<\/li>\n<\/ul>\n<\/td>\n<td valign=\"top\" width=\"190\">\n<ul>\n<li><strong>1.4301<\/strong><\/li>\n<li><strong>1.4401<\/strong><\/li>\n<li><strong>1.4404<\/strong><\/li>\n<li><strong>1.4435<\/strong><\/li>\n<li><strong>1.4541<\/strong><\/li>\n<li><strong>1.4571<\/strong><\/li>\n<\/ul>\n<\/td>\n<\/tr>\n<\/tbody>\n<\/table>\n<div class=\"clear\"><\/div><h3>Kontaktieren Sie uns!<\/h3><p><i>F\u00fcr Anfragen und Fragen zu unseren Produkten oder Dienstleistungen.<\/i><\/p><!-- contact form --><div class=\"clear\"><\/div><div id=\"result\"><\/div><div id=\"contact_form\">\t<form action=\"http:\/\/www.instalcaz.eu\/de\/wp-content\/themes\/instalcaz\/contact_form.php\" name=\"contact_form\" id=\"validate_form\" method=\"post\">\t\t<ul>\t\t\t<li><label for=\"name\">Name: (*)<\/label><input id=\"name\" type=\"text\" name=\"name\" value=\"\" class=\"required\" \/> <\/li>\t\t\t<li><label for=\"email\">E-mail: (*)<\/label><input id=\"email\" type=\"text\" name=\"email\" value=\"\" class=\"required email\"\t \/> <\/li>\t\t\t<li><label for=\"phone\">Telefon:<\/label><input id=\"phone\" type=\"text\" name=\"phone\" value=\"\" \/> <\/li>\t\t\t<li><label for=\"message\">Nachricht (*)<\/label><textarea  id=\"message\" name=\"message\" rows=\"8\" cols=\"40\"\tclass=\"required\"><\/textarea><\/li>\t\t\t<li>\t\t\t<input type=\"hidden\" name=\"your_email\" value=\"office@instalcaz.eu\">\t\t\t<input type=\"hidden\" name=\"your_web_site_name\" value=\"Druckbeh\u00e4lter - W\u00e4rmetauscher - Stahlbau - Schwei\u00dfen \u2013 Stahlkonstruktion - Instalcaz srl Brasov, Rumanian\">\t\t\t<input type=\"hidden\" name=\"text_1\" value=\"Thank you!\">\t\t\t<input type=\"hidden\" name=\"text_2\" value=\"Your message was delivired. We will respond in short time.\">\t\t\t<input type=\"hidden\" name=\"text_3\" value=\"There was an error submitting the form.\">\t\t\t<input type=\"hidden\" name=\"text_4\" value=\"Please enter a valid email address!\">\t\t\t<input type=\"submit\" class=\"button\" value=\"Senden\"  \/><span class=\"loading\"><\/span><\/li>\t\t<\/ul>\t<\/form><\/div><div class=\"clear\"><\/div><!-- \/contact form -->","protected":false},"excerpt":{"rendered":"<p>Wir haben die F\u00e4higkeiten um eine breite Palette von Druckbeh\u00e4ltern zu bauen, nach der Dokumentation unserer Kunden oder durch die Gestaltung unserer Team von Ingenieuren. Abh\u00e4ngig von der Nutzung gibt es zahlreiche Arten von Druckbeh\u00e4ltern, von kleinen bis sehr gro\u00dfe, wie Kolonnen, Reaktoren, Separatoren, Fermentatoren usw. Die Qualit\u00e4t der Ausf\u00fchrung ist von gro\u00dfer Bedeutung f\u00fcr [&hellip;]<\/p>\n","protected":false},"author":1,"featured_media":0,"parent":0,"menu_order":0,"comment_status":"closed","ping_status":"open","template":"","meta":[],"_links":{"self":[{"href":"http:\/\/www.instalcaz.eu\/de\/wp-json\/wp\/v2\/pages\/2306"}],"collection":[{"href":"http:\/\/www.instalcaz.eu\/de\/wp-json\/wp\/v2\/pages"}],"about":[{"href":"http:\/\/www.instalcaz.eu\/de\/wp-json\/wp\/v2\/types\/page"}],"author":[{"embeddable":true,"href":"http:\/\/www.instalcaz.eu\/de\/wp-json\/wp\/v2\/users\/1"}],"replies":[{"embeddable":true,"href":"http:\/\/www.instalcaz.eu\/de\/wp-json\/wp\/v2\/comments?post=2306"}],"version-history":[{"count":11,"href":"http:\/\/www.instalcaz.eu\/de\/wp-json\/wp\/v2\/pages\/2306\/revisions"}],"predecessor-version":[{"id":2308,"href":"http:\/\/www.instalcaz.eu\/de\/wp-json\/wp\/v2\/pages\/2306\/revisions\/2308"}],"wp:attachment":[{"href":"http:\/\/www.instalcaz.eu\/de\/wp-json\/wp\/v2\/media?parent=2306"}],"curies":[{"name":"wp","href":"https:\/\/api.w.org\/{rel}","templated":true}]}}