{"id":2315,"date":"2012-10-03T23:44:56","date_gmt":"2012-10-03T21:44:56","guid":{"rendered":"http:\/\/www.instalcaz.eu\/de\/?page_id=2315"},"modified":"2012-10-18T11:10:50","modified_gmt":"2012-10-18T09:10:50","slug":"warmetauscher","status":"publish","type":"page","link":"http:\/\/www.instalcaz.eu\/de\/warmetauscher\/","title":{"rendered":"W\u00e4rmetauscher"},"content":{"rendered":"<p>W\u00e4rmetauscher sind thermische Apparaten, verwendet f\u00fcr eine effiziente W\u00e4rme\u00fcbertragung von einem Zustand zu einem anderen, mit Anwendungen in verschiedenen Industriesektoren (Energie, Petrochemie, etc.) f\u00fcr verschiedene Zwecke wie Heizung oder in der technologischen Proze\u00dfablauf.<\/p>\n<p>Wir bauen W\u00e4rmetauscher nach der Dokumentation unserer Kunden oder unser Team von Ingenieuren kann den Entwurf ausfuhren. Unsere Dienstleistungen umfassen Reparaturen, Wechsel der Rohrb\u00f6den oder Rohrb\u00fcndel oder chemische Reinigung.<\/p>\n<h5><span style=\"text-decoration: underline;\">Ausf\u00fchrung von W\u00e4rmetauscher<\/span><\/h5>\n<table border=\"0\" style=\"background-color:white;\"  cellspacing=\"0\">\n<tbody>\n<tr>\n<td valign=\"top\" width=\"250\">\n<ul class=\"check\">\n<li><h7>  Ausf\u00fchrung der Rohrb\u00f6den<\/h7><\/li>\n<li><h7>  Ausf\u00fchrung von Separatoren und Schikanen <\/h7><\/li>\n<li><h7>  Montage der Kl\u00f6pperb\u00f6den und andere Teile <\/h7><\/li>\n<\/ul>\n<\/td>\n<td valign=\"top\" width=\"290\">\n<ul class=\"check\">\n<li><h7>Montage des Rohrb\u00fcndels mit <a href=\"\/de\/schweissen\"><u>Schwei\u00dfen<\/u><\/a> oder\/und <a href=\"\/de\/rohrwalzen-tube-expanders\"><u>Rohrwalzen (Tube Expanders)<\/u><\/a><\/h7><\/li>\n<li><h7>  Ausf\u00fchrung von Flanschen <\/h7><\/li>\n<li><h7>Montage im Anlagen<\/h7><\/li>\n<li><h7>Wartung und Reparaturen<\/h7><\/li>\n<\/ul>\n<\/td>\n<\/tr>\n<\/tbody>\n<\/table>\n<div class=\"photo_gallery\"><ul>\n<li><span class=\"frame\"><a href=\"http:\/\/www.instalcaz.eu\/wp-content\/uploads\/2012\/10\/heat-exchanger-1.jpg \" title=\"\"  rel=\"prettyPhoto[rt_photo_gallery]\" class=\"imgeffect plus\"><img src=\"http:\/\/www.instalcaz.eu\/wp-content\/uploads\/2012\/10\/heat-exchanger-1-129x135.jpg\" alt=\"heat exchanger 1 129x135 W\u00e4rmetauscher\"  title=\"W\u00e4rmetauscher\" \/><\/a><\/span><span class=\"p_caption\" style=\"width:129px\"><\/span><\/li>\n<li><span class=\"frame\"><a href=\"http:\/\/www.instalcaz.eu\/wp-content\/uploads\/2012\/10\/heat-exchanger-2.jpg \" title=\"\"  rel=\"prettyPhoto[rt_photo_gallery]\" class=\"imgeffect plus\"><img src=\"http:\/\/www.instalcaz.eu\/wp-content\/uploads\/2012\/10\/heat-exchanger-2-129x135.jpg\" alt=\"heat exchanger 2 129x135 W\u00e4rmetauscher\"  title=\"W\u00e4rmetauscher\" \/><\/a><\/span><span class=\"p_caption\" style=\"width:129px\"><\/span><\/li>\n<li><span class=\"frame\"><a href=\"http:\/\/www.instalcaz.eu\/wp-content\/uploads\/2012\/10\/heat-exchanger-3.jpg \" title=\"\"  rel=\"prettyPhoto[rt_photo_gallery]\" class=\"imgeffect plus\"><img src=\"http:\/\/www.instalcaz.eu\/wp-content\/uploads\/2012\/10\/heat-exchanger-3-129x135.jpg\" alt=\"heat exchanger 3 129x135 W\u00e4rmetauscher\"  title=\"W\u00e4rmetauscher\" \/><\/a><\/span><span class=\"p_caption\" style=\"width:129px\"><\/span><\/li>\n<li><span class=\"frame\"><a href=\"http:\/\/www.instalcaz.eu\/wp-content\/uploads\/2012\/10\/heat-exchanger-4.jpg \" title=\"\"  rel=\"prettyPhoto[rt_photo_gallery]\" class=\"imgeffect plus\"><img src=\"http:\/\/www.instalcaz.eu\/wp-content\/uploads\/2012\/10\/heat-exchanger-4-129x135.jpg\" alt=\"heat exchanger 4 129x135 W\u00e4rmetauscher\"  title=\"W\u00e4rmetauscher\" \/><\/a><\/span><span class=\"p_caption\" style=\"width:129px\"><\/span><\/li>\n<\/ul><div class=\"clear\"><\/div><\/div>\n<div class=\"clear\"><\/div><h3>Kontaktieren Sie uns!<\/h3><p><i>F\u00fcr Anfragen und Fragen zu unseren Produkten oder Dienstleistungen.<\/i><\/p><!-- contact form --><div class=\"clear\"><\/div><div id=\"result\"><\/div><div id=\"contact_form\">\t<form action=\"http:\/\/www.instalcaz.eu\/de\/wp-content\/themes\/instalcaz\/contact_form.php\" name=\"contact_form\" id=\"validate_form\" method=\"post\">\t\t<ul>\t\t\t<li><label for=\"name\">Name: (*)<\/label><input id=\"name\" type=\"text\" name=\"name\" value=\"\" class=\"required\" \/> <\/li>\t\t\t<li><label for=\"email\">E-mail: (*)<\/label><input id=\"email\" type=\"text\" name=\"email\" value=\"\" class=\"required email\"\t \/> <\/li>\t\t\t<li><label for=\"phone\">Telefon:<\/label><input id=\"phone\" type=\"text\" name=\"phone\" value=\"\" \/> <\/li>\t\t\t<li><label for=\"message\">Nachricht (*)<\/label><textarea  id=\"message\" name=\"message\" rows=\"8\" cols=\"40\"\tclass=\"required\"><\/textarea><\/li>\t\t\t<li>\t\t\t<input type=\"hidden\" name=\"your_email\" value=\"office@instalcaz.eu\">\t\t\t<input type=\"hidden\" name=\"your_web_site_name\" value=\"Druckbeh\u00e4lter - W\u00e4rmetauscher - Stahlbau - Schwei\u00dfen \u2013 Stahlkonstruktion - Instalcaz srl Brasov, Rumanian\">\t\t\t<input type=\"hidden\" name=\"text_1\" value=\"Thank you!\">\t\t\t<input type=\"hidden\" name=\"text_2\" value=\"Your message was delivired. We will respond in short time.\">\t\t\t<input type=\"hidden\" name=\"text_3\" value=\"There was an error submitting the form.\">\t\t\t<input type=\"hidden\" name=\"text_4\" value=\"Please enter a valid email address!\">\t\t\t<input type=\"submit\" class=\"button\" value=\"Senden\"  \/><span class=\"loading\"><\/span><\/li>\t\t<\/ul>\t<\/form><\/div><div class=\"clear\"><\/div><!-- \/contact form -->","protected":false},"excerpt":{"rendered":"<p>W\u00e4rmetauscher sind thermische Apparaten, verwendet f\u00fcr eine effiziente W\u00e4rme\u00fcbertragung von einem Zustand zu einem anderen, mit Anwendungen in verschiedenen Industriesektoren (Energie, Petrochemie, etc.) f\u00fcr verschiedene Zwecke wie Heizung oder in der technologischen Proze\u00dfablauf. Wir bauen W\u00e4rmetauscher nach der Dokumentation unserer Kunden oder unser Team von Ingenieuren kann den Entwurf ausfuhren. Unsere Dienstleistungen umfassen Reparaturen, Wechsel [&hellip;]<\/p>\n","protected":false},"author":1,"featured_media":0,"parent":0,"menu_order":0,"comment_status":"closed","ping_status":"open","template":"","meta":[],"_links":{"self":[{"href":"http:\/\/www.instalcaz.eu\/de\/wp-json\/wp\/v2\/pages\/2315"}],"collection":[{"href":"http:\/\/www.instalcaz.eu\/de\/wp-json\/wp\/v2\/pages"}],"about":[{"href":"http:\/\/www.instalcaz.eu\/de\/wp-json\/wp\/v2\/types\/page"}],"author":[{"embeddable":true,"href":"http:\/\/www.instalcaz.eu\/de\/wp-json\/wp\/v2\/users\/1"}],"replies":[{"embeddable":true,"href":"http:\/\/www.instalcaz.eu\/de\/wp-json\/wp\/v2\/comments?post=2315"}],"version-history":[{"count":9,"href":"http:\/\/www.instalcaz.eu\/de\/wp-json\/wp\/v2\/pages\/2315\/revisions"}],"predecessor-version":[{"id":2406,"href":"http:\/\/www.instalcaz.eu\/de\/wp-json\/wp\/v2\/pages\/2315\/revisions\/2406"}],"wp:attachment":[{"href":"http:\/\/www.instalcaz.eu\/de\/wp-json\/wp\/v2\/media?parent=2315"}],"curies":[{"name":"wp","href":"https:\/\/api.w.org\/{rel}","templated":true}]}}