{"id":2323,"date":"2012-10-09T11:36:12","date_gmt":"2012-10-09T09:36:12","guid":{"rendered":"http:\/\/www.instalcaz.eu\/de\/?page_id=2323"},"modified":"2012-10-16T09:47:56","modified_gmt":"2012-10-16T07:47:56","slug":"filter-separatoren","status":"publish","type":"page","link":"http:\/\/www.instalcaz.eu\/de\/filter-separatoren\/","title":{"rendered":"Filter, separatoren"},"content":{"rendered":"<p>Weit verbreitet in verschiedenen Industriebranchen, Filtern oder Separatoren sind Druckbeh\u00e4lter mit Filtration Zwecke. Sie k\u00f6nnen von kleine Behalten fur manuelles Transport und Anwendung, zu ganz gro\u00dfe Beh\u00e4lter mit vertikaler Montage reichen. Die Arbeitstemperatur, Druck und das Medium im Inneren kann auch variieren je nach Funktion. Zum Beispiel Filter f\u00fcr Wasserreinigung haben in der Regel folgende Eigenschaften: Betriebstemperatur 90 Grad C, Betriebsdruck 10bar, abrasive Medium (im Falle von Sand-Filter).<\/p>\n<p>Es gibt auch Filtern und Separatoren die nicht unter druck arbeiten, vor allen solche die fur Luft Filtration verwendet werden (zb: Cyclonen).<\/p>\n<p>Die am h\u00e4ufigsten verwendeten Materialien sind Stahl f\u00fcr Druckbeh\u00e4lter wie P265GH. Die Filter enthalten regelm\u00e4\u00dfig Teile wie Mannl\u00f6cher, Schauglas, Manometer, Flansche etc.<\/p>\n<div class=\"photo_gallery\"><ul>\n<li><span class=\"frame\"><a href=\"http:\/\/www.instalcaz.eu\/wp-content\/uploads\/2012\/10\/filter-1.jpg \" title=\"\"  rel=\"prettyPhoto[rt_photo_gallery]\" class=\"imgeffect plus\"><img src=\"http:\/\/www.instalcaz.eu\/wp-content\/uploads\/2012\/10\/filter-1-129x135.jpg\" alt=\"filter 1 129x135 Filter, separatoren\"  title=\"Filter, separatoren\" \/><\/a><\/span><span class=\"p_caption\" style=\"width:129px\"><\/span><\/li>\n<li><span class=\"frame\"><a href=\"http:\/\/www.instalcaz.eu\/wp-content\/uploads\/2012\/10\/filter-2.jpg \" title=\"\"  rel=\"prettyPhoto[rt_photo_gallery]\" class=\"imgeffect plus\"><img src=\"http:\/\/www.instalcaz.eu\/wp-content\/uploads\/2012\/10\/filter-2-129x135.jpg\" alt=\"filter 2 129x135 Filter, separatoren\"  title=\"Filter, separatoren\" \/><\/a><\/span><span class=\"p_caption\" style=\"width:129px\"><\/span><\/li>\n<li><span class=\"frame\"><a href=\"http:\/\/www.instalcaz.eu\/wp-content\/uploads\/2012\/10\/filter-3.jpg \" title=\"\"  rel=\"prettyPhoto[rt_photo_gallery]\" class=\"imgeffect plus\"><img src=\"http:\/\/www.instalcaz.eu\/wp-content\/uploads\/2012\/10\/filter-3-129x135.jpg\" alt=\"filter 3 129x135 Filter, separatoren\"  title=\"Filter, separatoren\" \/><\/a><\/span><span class=\"p_caption\" style=\"width:129px\"><\/span><\/li>\n<li><span class=\"frame\"><a href=\"http:\/\/www.instalcaz.eu\/wp-content\/uploads\/2012\/10\/separator-1.jpg \" title=\"\"  rel=\"prettyPhoto[rt_photo_gallery]\" class=\"imgeffect plus\"><img src=\"http:\/\/www.instalcaz.eu\/wp-content\/uploads\/2012\/10\/separator-1-129x135.jpg\" alt=\"separator 1 129x135 Filter, separatoren\"  title=\"Filter, separatoren\" \/><\/a><\/span><span class=\"p_caption\" style=\"width:129px\"><\/span><\/li>\n<\/ul><div class=\"clear\"><\/div><\/div>\n<div class=\"clear\"><\/div><h3>Kontaktieren Sie uns!<\/h3><p><i>F\u00fcr Anfragen und Fragen zu unseren Produkten oder Dienstleistungen.<\/i><\/p><!-- contact form --><div class=\"clear\"><\/div><div id=\"result\"><\/div><div id=\"contact_form\">\t<form action=\"http:\/\/www.instalcaz.eu\/de\/wp-content\/themes\/instalcaz\/contact_form.php\" name=\"contact_form\" id=\"validate_form\" method=\"post\">\t\t<ul>\t\t\t<li><label for=\"name\">Name: (*)<\/label><input id=\"name\" type=\"text\" name=\"name\" value=\"\" class=\"required\" \/> <\/li>\t\t\t<li><label for=\"email\">E-mail: (*)<\/label><input id=\"email\" type=\"text\" name=\"email\" value=\"\" class=\"required email\"\t \/> <\/li>\t\t\t<li><label for=\"phone\">Telefon:<\/label><input id=\"phone\" type=\"text\" name=\"phone\" value=\"\" \/> <\/li>\t\t\t<li><label for=\"message\">Nachricht (*)<\/label><textarea  id=\"message\" name=\"message\" rows=\"8\" cols=\"40\"\tclass=\"required\"><\/textarea><\/li>\t\t\t<li>\t\t\t<input type=\"hidden\" name=\"your_email\" value=\"office@instalcaz.eu\">\t\t\t<input type=\"hidden\" name=\"your_web_site_name\" value=\"Druckbeh\u00e4lter - W\u00e4rmetauscher - Stahlbau - Schwei\u00dfen \u2013 Stahlkonstruktion - Instalcaz srl Brasov, Rumanian\">\t\t\t<input type=\"hidden\" name=\"text_1\" value=\"Thank you!\">\t\t\t<input type=\"hidden\" name=\"text_2\" value=\"Your message was delivired. We will respond in short time.\">\t\t\t<input type=\"hidden\" name=\"text_3\" value=\"There was an error submitting the form.\">\t\t\t<input type=\"hidden\" name=\"text_4\" value=\"Please enter a valid email address!\">\t\t\t<input type=\"submit\" class=\"button\" value=\"Senden\"  \/><span class=\"loading\"><\/span><\/li>\t\t<\/ul>\t<\/form><\/div><div class=\"clear\"><\/div><!-- \/contact form -->","protected":false},"excerpt":{"rendered":"<p>Weit verbreitet in verschiedenen Industriebranchen, Filtern oder Separatoren sind Druckbeh\u00e4lter mit Filtration Zwecke. Sie k\u00f6nnen von kleine Behalten fur manuelles Transport und Anwendung, zu ganz gro\u00dfe Beh\u00e4lter mit vertikaler Montage reichen. Die Arbeitstemperatur, Druck und das Medium im Inneren kann auch variieren je nach Funktion. Zum Beispiel Filter f\u00fcr Wasserreinigung haben in der Regel folgende [&hellip;]<\/p>\n","protected":false},"author":1,"featured_media":0,"parent":0,"menu_order":0,"comment_status":"closed","ping_status":"open","template":"","meta":[],"_links":{"self":[{"href":"http:\/\/www.instalcaz.eu\/de\/wp-json\/wp\/v2\/pages\/2323"}],"collection":[{"href":"http:\/\/www.instalcaz.eu\/de\/wp-json\/wp\/v2\/pages"}],"about":[{"href":"http:\/\/www.instalcaz.eu\/de\/wp-json\/wp\/v2\/types\/page"}],"author":[{"embeddable":true,"href":"http:\/\/www.instalcaz.eu\/de\/wp-json\/wp\/v2\/users\/1"}],"replies":[{"embeddable":true,"href":"http:\/\/www.instalcaz.eu\/de\/wp-json\/wp\/v2\/comments?post=2323"}],"version-history":[{"count":6,"href":"http:\/\/www.instalcaz.eu\/de\/wp-json\/wp\/v2\/pages\/2323\/revisions"}],"predecessor-version":[{"id":2356,"href":"http:\/\/www.instalcaz.eu\/de\/wp-json\/wp\/v2\/pages\/2323\/revisions\/2356"}],"wp:attachment":[{"href":"http:\/\/www.instalcaz.eu\/de\/wp-json\/wp\/v2\/media?parent=2323"}],"curies":[{"name":"wp","href":"https:\/\/api.w.org\/{rel}","templated":true}]}}