{"id":2325,"date":"2012-10-09T11:36:58","date_gmt":"2012-10-09T09:36:58","guid":{"rendered":"http:\/\/www.instalcaz.eu\/de\/?page_id=2325"},"modified":"2012-10-16T10:27:13","modified_gmt":"2012-10-16T08:27:13","slug":"tank-behalter","status":"publish","type":"page","link":"http:\/\/www.instalcaz.eu\/de\/tank-behalter\/","title":{"rendered":"Tank (Beh\u00e4lter)"},"content":{"rendered":"<p>Wir haben eine gro\u00dfe Erfahrung in der Konzeption und Durchf\u00fchrung der atmosph\u00e4rischen Beh\u00e4lter. Edelstahl wird h\u00e4ufig verwendet, vor allem f\u00fcr Kunden aus der Lebensmittel- und agrochemischen Sektor. Kohlenstoffstahl und legiertes Stahl kann auch je nach Projekt verwendet werden.<\/p>\n<p>Das Design der Beh\u00e4lter kann variieren. Sie k\u00f6nnen flache oder konische Boden haben, oder sie k\u00f6nnen Kl\u00f6pperboden an einem oder an beiden Enden haben. Im Design sind auch seismische- und Windlasten zu ber\u00fccksichtigen, f\u00fcr Projekte, bei denen es erforderlich ist. In einige F\u00e4llen f\u00fchren wir auch Treppen und Plattformen ein, f\u00fcr <strong> Lagertanks <\/strong>. Heizwendeln sowie W\u00e4rmed\u00e4mmung sind auch in der Ausf\u00fchrung einiger Tanks verwendet.<\/p>\n<div class=\"photo_gallery\"><ul>\n<li><span class=\"frame\"><a href=\"http:\/\/www.instalcaz.eu\/wp-content\/uploads\/2012\/10\/tank-7.jpg \" title=\"\"  rel=\"prettyPhoto[rt_photo_gallery]\" class=\"imgeffect plus\"><img src=\"http:\/\/www.instalcaz.eu\/wp-content\/uploads\/2012\/10\/tank-7-129x135.jpg\" alt=\"tank 7 129x135 Tank (Beh\u00e4lter)\"  title=\"Tank (Beh\u00e4lter)\" \/><\/a><\/span><span class=\"p_caption\" style=\"width:129px\"><\/span><\/li>\n<li><span class=\"frame\"><a href=\"http:\/\/www.instalcaz.eu\/wp-content\/uploads\/2012\/10\/tank-1.jpg \" title=\"\"  rel=\"prettyPhoto[rt_photo_gallery]\" class=\"imgeffect plus\"><img src=\"http:\/\/www.instalcaz.eu\/wp-content\/uploads\/2012\/10\/tank-1-129x135.jpg\" alt=\"tank 1 129x135 Tank (Beh\u00e4lter)\"  title=\"Tank (Beh\u00e4lter)\" \/><\/a><\/span><span class=\"p_caption\" style=\"width:129px\"><\/span><\/li>\n<li><span class=\"frame\"><a href=\"http:\/\/www.instalcaz.eu\/wp-content\/uploads\/2012\/10\/tank-2.jpg \" title=\"\"  rel=\"prettyPhoto[rt_photo_gallery]\" class=\"imgeffect plus\"><img src=\"http:\/\/www.instalcaz.eu\/wp-content\/uploads\/2012\/10\/tank-2-129x135.jpg\" alt=\"tank 2 129x135 Tank (Beh\u00e4lter)\"  title=\"Tank (Beh\u00e4lter)\" \/><\/a><\/span><span class=\"p_caption\" style=\"width:129px\"><\/span><\/li>\n<li><span class=\"frame\"><a href=\"http:\/\/www.instalcaz.eu\/wp-content\/uploads\/2012\/10\/tank-3.jpg \" title=\"\"  rel=\"prettyPhoto[rt_photo_gallery]\" class=\"imgeffect plus\"><img src=\"http:\/\/www.instalcaz.eu\/wp-content\/uploads\/2012\/10\/tank-3-129x135.jpg\" alt=\"tank 3 129x135 Tank (Beh\u00e4lter)\"  title=\"Tank (Beh\u00e4lter)\" \/><\/a><\/span><span class=\"p_caption\" style=\"width:129px\"><\/span><\/li>\n<li><span class=\"frame\"><a href=\"http:\/\/www.instalcaz.eu\/wp-content\/uploads\/2012\/10\/tank-4.jpg \" title=\"\"  rel=\"prettyPhoto[rt_photo_gallery]\" class=\"imgeffect plus\"><img src=\"http:\/\/www.instalcaz.eu\/wp-content\/uploads\/2012\/10\/tank-4-129x135.jpg\" alt=\"tank 4 129x135 Tank (Beh\u00e4lter)\"  title=\"Tank (Beh\u00e4lter)\" \/><\/a><\/span><span class=\"p_caption\" style=\"width:129px\"><\/span><\/li>\n<li><span class=\"frame\"><a href=\"http:\/\/www.instalcaz.eu\/wp-content\/uploads\/2012\/10\/tank-5.jpg \" title=\"\"  rel=\"prettyPhoto[rt_photo_gallery]\" class=\"imgeffect plus\"><img src=\"http:\/\/www.instalcaz.eu\/wp-content\/uploads\/2012\/10\/tank-5-129x135.jpg\" alt=\"tank 5 129x135 Tank (Beh\u00e4lter)\"  title=\"Tank (Beh\u00e4lter)\" \/><\/a><\/span><span class=\"p_caption\" style=\"width:129px\"><\/span><\/li>\n<li><span class=\"frame\"><a href=\"http:\/\/www.instalcaz.eu\/wp-content\/uploads\/2012\/10\/tank-6.jpg \" title=\"\"  rel=\"prettyPhoto[rt_photo_gallery]\" class=\"imgeffect plus\"><img src=\"http:\/\/www.instalcaz.eu\/wp-content\/uploads\/2012\/10\/tank-6-129x135.jpg\" alt=\"tank 6 129x135 Tank (Beh\u00e4lter)\"  title=\"Tank (Beh\u00e4lter)\" \/><\/a><\/span><span class=\"p_caption\" style=\"width:129px\"><\/span><\/li>\n<li><span class=\"frame\"><a href=\"http:\/\/www.instalcaz.eu\/wp-content\/uploads\/2012\/10\/tank-8.jpg \" title=\"\"  rel=\"prettyPhoto[rt_photo_gallery]\" class=\"imgeffect plus\"><img src=\"http:\/\/www.instalcaz.eu\/wp-content\/uploads\/2012\/10\/tank-8-129x135.jpg\" alt=\"tank 8 129x135 Tank (Beh\u00e4lter)\"  title=\"Tank (Beh\u00e4lter)\" \/><\/a><\/span><span class=\"p_caption\" style=\"width:129px\"><\/span><\/li>\n<\/ul><div class=\"clear\"><\/div><\/div>\n<div class=\"clear\"><\/div><h3>Kontaktieren Sie uns!<\/h3><p><i>F\u00fcr Anfragen und Fragen zu unseren Produkten oder Dienstleistungen.<\/i><\/p><!-- contact form --><div class=\"clear\"><\/div><div id=\"result\"><\/div><div id=\"contact_form\">\t<form action=\"http:\/\/www.instalcaz.eu\/de\/wp-content\/themes\/instalcaz\/contact_form.php\" name=\"contact_form\" id=\"validate_form\" method=\"post\">\t\t<ul>\t\t\t<li><label for=\"name\">Name: (*)<\/label><input id=\"name\" type=\"text\" name=\"name\" value=\"\" class=\"required\" \/> <\/li>\t\t\t<li><label for=\"email\">E-mail: (*)<\/label><input id=\"email\" type=\"text\" name=\"email\" value=\"\" class=\"required email\"\t \/> <\/li>\t\t\t<li><label for=\"phone\">Telefon:<\/label><input id=\"phone\" type=\"text\" name=\"phone\" value=\"\" \/> <\/li>\t\t\t<li><label for=\"message\">Nachricht (*)<\/label><textarea  id=\"message\" name=\"message\" rows=\"8\" cols=\"40\"\tclass=\"required\"><\/textarea><\/li>\t\t\t<li>\t\t\t<input type=\"hidden\" name=\"your_email\" value=\"office@instalcaz.eu\">\t\t\t<input type=\"hidden\" name=\"your_web_site_name\" value=\"Druckbeh\u00e4lter - W\u00e4rmetauscher - Stahlbau - Schwei\u00dfen \u2013 Stahlkonstruktion - Instalcaz srl Brasov, Rumanian\">\t\t\t<input type=\"hidden\" name=\"text_1\" value=\"Thank you!\">\t\t\t<input type=\"hidden\" name=\"text_2\" value=\"Your message was delivired. We will respond in short time.\">\t\t\t<input type=\"hidden\" name=\"text_3\" value=\"There was an error submitting the form.\">\t\t\t<input type=\"hidden\" name=\"text_4\" value=\"Please enter a valid email address!\">\t\t\t<input type=\"submit\" class=\"button\" value=\"Senden\"  \/><span class=\"loading\"><\/span><\/li>\t\t<\/ul>\t<\/form><\/div><div class=\"clear\"><\/div><!-- \/contact form -->","protected":false},"excerpt":{"rendered":"<p>Wir haben eine gro\u00dfe Erfahrung in der Konzeption und Durchf\u00fchrung der atmosph\u00e4rischen Beh\u00e4lter. Edelstahl wird h\u00e4ufig verwendet, vor allem f\u00fcr Kunden aus der Lebensmittel- und agrochemischen Sektor. Kohlenstoffstahl und legiertes Stahl kann auch je nach Projekt verwendet werden. Das Design der Beh\u00e4lter kann variieren. Sie k\u00f6nnen flache oder konische Boden haben, oder sie k\u00f6nnen Kl\u00f6pperboden [&hellip;]<\/p>\n","protected":false},"author":1,"featured_media":0,"parent":0,"menu_order":0,"comment_status":"closed","ping_status":"open","template":"","meta":[],"_links":{"self":[{"href":"http:\/\/www.instalcaz.eu\/de\/wp-json\/wp\/v2\/pages\/2325"}],"collection":[{"href":"http:\/\/www.instalcaz.eu\/de\/wp-json\/wp\/v2\/pages"}],"about":[{"href":"http:\/\/www.instalcaz.eu\/de\/wp-json\/wp\/v2\/types\/page"}],"author":[{"embeddable":true,"href":"http:\/\/www.instalcaz.eu\/de\/wp-json\/wp\/v2\/users\/1"}],"replies":[{"embeddable":true,"href":"http:\/\/www.instalcaz.eu\/de\/wp-json\/wp\/v2\/comments?post=2325"}],"version-history":[{"count":7,"href":"http:\/\/www.instalcaz.eu\/de\/wp-json\/wp\/v2\/pages\/2325\/revisions"}],"predecessor-version":[{"id":2365,"href":"http:\/\/www.instalcaz.eu\/de\/wp-json\/wp\/v2\/pages\/2325\/revisions\/2365"}],"wp:attachment":[{"href":"http:\/\/www.instalcaz.eu\/de\/wp-json\/wp\/v2\/media?parent=2325"}],"curies":[{"name":"wp","href":"https:\/\/api.w.org\/{rel}","templated":true}]}}