{"id":2327,"date":"2012-10-09T11:37:31","date_gmt":"2012-10-09T09:37:31","guid":{"rendered":"http:\/\/www.instalcaz.eu\/de\/?page_id=2327"},"modified":"2012-10-16T10:38:48","modified_gmt":"2012-10-16T08:38:48","slug":"stahlbau","status":"publish","type":"page","link":"http:\/\/www.instalcaz.eu\/de\/stahlbau\/","title":{"rendered":"Stahlbau"},"content":{"rendered":"<p>Die Ausf\u00fchrung von geschwei\u00dften Stahlkonstruktionen ist eine der wichtigsten Aktivit\u00e4ten unseres Unternehmens. Unsere Produkte werden in industriellen oder kommerziellen Projekt verwendet und beinhalten:<\/p>\n<ul class=\"check\">\n<h6>\n<li>Komplette Stahlkonstruktionen fur Hochbau<\/li>\n<\/h6>\n<h6>\n<li>Unterst\u00fctzende Strukturen<\/li>\n<\/h6>\n<h6>\n<li>Stahltr\u00e4ger und Balken<\/li>\n<\/h6>\n<h6>\n<li>Freistehende Strukturen, wie Schornsteine, T\u00fcrmen etc<\/li>\n<\/h6>\n<h6>\n<li>Silos und andere Beh\u00e4lter<\/li>\n<\/h6>\n<h6>\n<li>Treppen, Leitern, Plattformen<\/li>\n<\/h6>\n<h6>\n<li>Andere Arten von geschwei\u00dften Konstruktionen<\/li>\n<\/h6>\n<\/ul>\n<div class=\"photo_gallery\"><ul>\n<li><span class=\"frame\"><a href=\"http:\/\/www.instalcaz.eu\/wp-content\/uploads\/2012\/10\/steel-structures-1.jpg \" title=\"\"  rel=\"prettyPhoto[rt_photo_gallery]\" class=\"imgeffect plus\"><img src=\"http:\/\/www.instalcaz.eu\/wp-content\/uploads\/2012\/10\/steel-structures-1-129x135.jpg\" alt=\"steel structures 1 129x135 Stahlbau\"  title=\"Stahlbau\" \/><\/a><\/span><span class=\"p_caption\" style=\"width:129px\"><\/span><\/li>\n<li><span class=\"frame\"><a href=\"http:\/\/www.instalcaz.eu\/wp-content\/uploads\/2012\/10\/steel-structures-2.jpg \" title=\"\"  rel=\"prettyPhoto[rt_photo_gallery]\" class=\"imgeffect plus\"><img src=\"http:\/\/www.instalcaz.eu\/wp-content\/uploads\/2012\/10\/steel-structures-2-129x135.jpg\" alt=\"steel structures 2 129x135 Stahlbau\"  title=\"Stahlbau\" \/><\/a><\/span><span class=\"p_caption\" style=\"width:129px\"><\/span><\/li>\n<li><span class=\"frame\"><a href=\"http:\/\/www.instalcaz.eu\/wp-content\/uploads\/2012\/10\/steel-structures-3.jpg \" title=\"\"  rel=\"prettyPhoto[rt_photo_gallery]\" class=\"imgeffect plus\"><img src=\"http:\/\/www.instalcaz.eu\/wp-content\/uploads\/2012\/10\/steel-structures-3-129x135.jpg\" alt=\"steel structures 3 129x135 Stahlbau\"  title=\"Stahlbau\" \/><\/a><\/span><span class=\"p_caption\" style=\"width:129px\"><\/span><\/li>\n<li><span class=\"frame\"><a href=\"http:\/\/www.instalcaz.eu\/wp-content\/uploads\/2012\/10\/steel-structures-4.jpg \" title=\"\"  rel=\"prettyPhoto[rt_photo_gallery]\" class=\"imgeffect plus\"><img src=\"http:\/\/www.instalcaz.eu\/wp-content\/uploads\/2012\/10\/steel-structures-4-129x135.jpg\" alt=\"steel structures 4 129x135 Stahlbau\"  title=\"Stahlbau\" \/><\/a><\/span><span class=\"p_caption\" style=\"width:129px\"><\/span><\/li>\n<li><span class=\"frame\"><a href=\"http:\/\/www.instalcaz.eu\/wp-content\/uploads\/2012\/10\/steel-structures-5.jpg \" title=\"\"  rel=\"prettyPhoto[rt_photo_gallery]\" class=\"imgeffect plus\"><img src=\"http:\/\/www.instalcaz.eu\/wp-content\/uploads\/2012\/10\/steel-structures-5-129x135.jpg\" alt=\"steel structures 5 129x135 Stahlbau\"  title=\"Stahlbau\" \/><\/a><\/span><span class=\"p_caption\" style=\"width:129px\"><\/span><\/li>\n<li><span class=\"frame\"><a href=\"http:\/\/www.instalcaz.eu\/wp-content\/uploads\/2012\/10\/steel-structures-6.jpg \" title=\"\"  rel=\"prettyPhoto[rt_photo_gallery]\" class=\"imgeffect plus\"><img src=\"http:\/\/www.instalcaz.eu\/wp-content\/uploads\/2012\/10\/steel-structures-6-129x135.jpg\" alt=\"steel structures 6 129x135 Stahlbau\"  title=\"Stahlbau\" \/><\/a><\/span><span class=\"p_caption\" style=\"width:129px\"><\/span><\/li>\n<li><span class=\"frame\"><a href=\"http:\/\/www.instalcaz.eu\/wp-content\/uploads\/2012\/10\/steel-structures-7.jpg \" title=\"\"  rel=\"prettyPhoto[rt_photo_gallery]\" class=\"imgeffect plus\"><img src=\"http:\/\/www.instalcaz.eu\/wp-content\/uploads\/2012\/10\/steel-structures-7-129x135.jpg\" alt=\"steel structures 7 129x135 Stahlbau\"  title=\"Stahlbau\" \/><\/a><\/span><span class=\"p_caption\" style=\"width:129px\"><\/span><\/li>\n<li><span class=\"frame\"><a href=\"http:\/\/www.instalcaz.eu\/wp-content\/uploads\/2012\/10\/steel-structures-8.jpg \" title=\"\"  rel=\"prettyPhoto[rt_photo_gallery]\" class=\"imgeffect plus\"><img src=\"http:\/\/www.instalcaz.eu\/wp-content\/uploads\/2012\/10\/steel-structures-8-129x135.jpg\" alt=\"steel structures 8 129x135 Stahlbau\"  title=\"Stahlbau\" \/><\/a><\/span><span class=\"p_caption\" style=\"width:129px\"><\/span><\/li>\n<\/ul><div class=\"clear\"><\/div><\/div>\n<div class=\"clear\"><\/div><h3>Kontaktieren Sie uns!<\/h3><p><i>F\u00fcr Anfragen und Fragen zu unseren Produkten oder Dienstleistungen.<\/i><\/p><!-- contact form --><div class=\"clear\"><\/div><div id=\"result\"><\/div><div id=\"contact_form\">\t<form action=\"http:\/\/www.instalcaz.eu\/de\/wp-content\/themes\/instalcaz\/contact_form.php\" name=\"contact_form\" id=\"validate_form\" method=\"post\">\t\t<ul>\t\t\t<li><label for=\"name\">Name: (*)<\/label><input id=\"name\" type=\"text\" name=\"name\" value=\"\" class=\"required\" \/> <\/li>\t\t\t<li><label for=\"email\">E-mail: (*)<\/label><input id=\"email\" type=\"text\" name=\"email\" value=\"\" class=\"required email\"\t \/> <\/li>\t\t\t<li><label for=\"phone\">Telefon:<\/label><input id=\"phone\" type=\"text\" name=\"phone\" value=\"\" \/> <\/li>\t\t\t<li><label for=\"message\">Nachricht (*)<\/label><textarea  id=\"message\" name=\"message\" rows=\"8\" cols=\"40\"\tclass=\"required\"><\/textarea><\/li>\t\t\t<li>\t\t\t<input type=\"hidden\" name=\"your_email\" value=\"office@instalcaz.eu\">\t\t\t<input type=\"hidden\" name=\"your_web_site_name\" value=\"Druckbeh\u00e4lter - W\u00e4rmetauscher - Stahlbau - Schwei\u00dfen \u2013 Stahlkonstruktion - Instalcaz srl Brasov, Rumanian\">\t\t\t<input type=\"hidden\" name=\"text_1\" value=\"Thank you!\">\t\t\t<input type=\"hidden\" name=\"text_2\" value=\"Your message was delivired. We will respond in short time.\">\t\t\t<input type=\"hidden\" name=\"text_3\" value=\"There was an error submitting the form.\">\t\t\t<input type=\"hidden\" name=\"text_4\" value=\"Please enter a valid email address!\">\t\t\t<input type=\"submit\" class=\"button\" value=\"Senden\"  \/><span class=\"loading\"><\/span><\/li>\t\t<\/ul>\t<\/form><\/div><div class=\"clear\"><\/div><!-- \/contact form -->","protected":false},"excerpt":{"rendered":"<p>Die Ausf\u00fchrung von geschwei\u00dften Stahlkonstruktionen ist eine der wichtigsten Aktivit\u00e4ten unseres Unternehmens. Unsere Produkte werden in industriellen oder kommerziellen Projekt verwendet und beinhalten: Komplette Stahlkonstruktionen fur Hochbau Unterst\u00fctzende Strukturen Stahltr\u00e4ger und Balken Freistehende Strukturen, wie Schornsteine, T\u00fcrmen etc Silos und andere Beh\u00e4lter Treppen, Leitern, Plattformen Andere Arten von geschwei\u00dften Konstruktionen<\/p>\n","protected":false},"author":1,"featured_media":0,"parent":0,"menu_order":0,"comment_status":"closed","ping_status":"open","template":"","meta":[],"_links":{"self":[{"href":"http:\/\/www.instalcaz.eu\/de\/wp-json\/wp\/v2\/pages\/2327"}],"collection":[{"href":"http:\/\/www.instalcaz.eu\/de\/wp-json\/wp\/v2\/pages"}],"about":[{"href":"http:\/\/www.instalcaz.eu\/de\/wp-json\/wp\/v2\/types\/page"}],"author":[{"embeddable":true,"href":"http:\/\/www.instalcaz.eu\/de\/wp-json\/wp\/v2\/users\/1"}],"replies":[{"embeddable":true,"href":"http:\/\/www.instalcaz.eu\/de\/wp-json\/wp\/v2\/comments?post=2327"}],"version-history":[{"count":3,"href":"http:\/\/www.instalcaz.eu\/de\/wp-json\/wp\/v2\/pages\/2327\/revisions"}],"predecessor-version":[{"id":2366,"href":"http:\/\/www.instalcaz.eu\/de\/wp-json\/wp\/v2\/pages\/2327\/revisions\/2366"}],"wp:attachment":[{"href":"http:\/\/www.instalcaz.eu\/de\/wp-json\/wp\/v2\/media?parent=2327"}],"curies":[{"name":"wp","href":"https:\/\/api.w.org\/{rel}","templated":true}]}}