{"id":2329,"date":"2012-10-09T11:38:28","date_gmt":"2012-10-09T09:38:28","guid":{"rendered":"http:\/\/www.instalcaz.eu\/de\/?page_id=2329"},"modified":"2012-10-16T10:43:49","modified_gmt":"2012-10-16T08:43:49","slug":"andere-behalter-und-teile","status":"publish","type":"page","link":"http:\/\/www.instalcaz.eu\/de\/andere-behalter-und-teile\/","title":{"rendered":"Andere Beh\u00e4lter und teile"},"content":{"rendered":"<p>Im unserer industriellen Werkstatt, voll ausgestattet mit den notwendigen Maschinen (Drehmaschinen, Schwei\u00dfmaschinen, Bohrmaschinen, Fr\u00e4smaschinen, Walzmaschinen etc) haben wir zahlreiche Beh\u00e4lter, Teile und Zubeh\u00f6r f\u00fchren kann, ausgestattet.<\/p>\n<ul class=\"check\">\n<h6>\n<li>Skids<\/li>\n<\/h6>\n<h6>\n<li>Silos, Cyclonen, und andere Beh\u00e4lter<\/li>\n<\/h6>\n<h6>\n<li>Flanschen<\/li>\n<\/h6>\n<h6>\n<li>Mannl\u00f6cher<\/li>\n<\/h6>\n<h6>\n<li>Schauglas<\/li>\n<\/h6>\n<h6>\n<li>Tragstrukturen<\/li>\n<\/h6>\n<h6>\n<li>Konus &#8211; Industrielle Trichter<\/li>\n<\/h6>\n<h6>\n<li>Grundplatten und Rohrb\u00f6den<\/li>\n<\/h6>\n<h6>\n<li>Andere Arten von Teilen und Armaturen<\/li>\n<\/h6>\n<\/ul>\n<div class=\"photo_gallery\"><ul>\n<li><span class=\"frame\"><a href=\"http:\/\/www.instalcaz.eu\/wp-content\/uploads\/2012\/10\/other-1.jpg \" title=\"\"  rel=\"prettyPhoto[rt_photo_gallery]\" class=\"imgeffect plus\"><img src=\"http:\/\/www.instalcaz.eu\/wp-content\/uploads\/2012\/10\/other-1-129x135.jpg\" alt=\"other 1 129x135 Andere Beh\u00e4lter und teile\"  title=\"Andere Beh\u00e4lter und teile\" \/><\/a><\/span><span class=\"p_caption\" style=\"width:129px\"><\/span><\/li>\n<li><span class=\"frame\"><a href=\"http:\/\/www.instalcaz.eu\/wp-content\/uploads\/2012\/10\/other-2.jpg \" title=\"\"  rel=\"prettyPhoto[rt_photo_gallery]\" class=\"imgeffect plus\"><img src=\"http:\/\/www.instalcaz.eu\/wp-content\/uploads\/2012\/10\/other-2-129x135.jpg\" alt=\"other 2 129x135 Andere Beh\u00e4lter und teile\"  title=\"Andere Beh\u00e4lter und teile\" \/><\/a><\/span><span class=\"p_caption\" style=\"width:129px\"><\/span><\/li>\n<li><span class=\"frame\"><a href=\"http:\/\/www.instalcaz.eu\/wp-content\/uploads\/2012\/10\/other-3.jpg \" title=\"\"  rel=\"prettyPhoto[rt_photo_gallery]\" class=\"imgeffect plus\"><img src=\"http:\/\/www.instalcaz.eu\/wp-content\/uploads\/2012\/10\/other-3-129x135.jpg\" alt=\"other 3 129x135 Andere Beh\u00e4lter und teile\"  title=\"Andere Beh\u00e4lter und teile\" \/><\/a><\/span><span class=\"p_caption\" style=\"width:129px\"><\/span><\/li>\n<li><span class=\"frame\"><a href=\"http:\/\/www.instalcaz.eu\/wp-content\/uploads\/2012\/10\/other-4.jpg \" title=\"\"  rel=\"prettyPhoto[rt_photo_gallery]\" class=\"imgeffect plus\"><img src=\"http:\/\/www.instalcaz.eu\/wp-content\/uploads\/2012\/10\/other-4-129x135.jpg\" alt=\"other 4 129x135 Andere Beh\u00e4lter und teile\"  title=\"Andere Beh\u00e4lter und teile\" \/><\/a><\/span><span class=\"p_caption\" style=\"width:129px\"><\/span><\/li>\n<\/ul><div class=\"clear\"><\/div><\/div>\n<div class=\"clear\"><\/div><h3>Kontaktieren Sie uns!<\/h3><p><i>F\u00fcr Anfragen und Fragen zu unseren Produkten oder Dienstleistungen.<\/i><\/p><!-- contact form --><div class=\"clear\"><\/div><div id=\"result\"><\/div><div id=\"contact_form\">\t<form action=\"http:\/\/www.instalcaz.eu\/de\/wp-content\/themes\/instalcaz\/contact_form.php\" name=\"contact_form\" id=\"validate_form\" method=\"post\">\t\t<ul>\t\t\t<li><label for=\"name\">Name: (*)<\/label><input id=\"name\" type=\"text\" name=\"name\" value=\"\" class=\"required\" \/> <\/li>\t\t\t<li><label for=\"email\">E-mail: (*)<\/label><input id=\"email\" type=\"text\" name=\"email\" value=\"\" class=\"required email\"\t \/> <\/li>\t\t\t<li><label for=\"phone\">Telefon:<\/label><input id=\"phone\" type=\"text\" name=\"phone\" value=\"\" \/> <\/li>\t\t\t<li><label for=\"message\">Nachricht (*)<\/label><textarea  id=\"message\" name=\"message\" rows=\"8\" cols=\"40\"\tclass=\"required\"><\/textarea><\/li>\t\t\t<li>\t\t\t<input type=\"hidden\" name=\"your_email\" value=\"office@instalcaz.eu\">\t\t\t<input type=\"hidden\" name=\"your_web_site_name\" value=\"Druckbeh\u00e4lter - W\u00e4rmetauscher - Stahlbau - Schwei\u00dfen \u2013 Stahlkonstruktion - Instalcaz srl Brasov, Rumanian\">\t\t\t<input type=\"hidden\" name=\"text_1\" value=\"Thank you!\">\t\t\t<input type=\"hidden\" name=\"text_2\" value=\"Your message was delivired. We will respond in short time.\">\t\t\t<input type=\"hidden\" name=\"text_3\" value=\"There was an error submitting the form.\">\t\t\t<input type=\"hidden\" name=\"text_4\" value=\"Please enter a valid email address!\">\t\t\t<input type=\"submit\" class=\"button\" value=\"Senden\"  \/><span class=\"loading\"><\/span><\/li>\t\t<\/ul>\t<\/form><\/div><div class=\"clear\"><\/div><!-- \/contact form -->","protected":false},"excerpt":{"rendered":"<p>Im unserer industriellen Werkstatt, voll ausgestattet mit den notwendigen Maschinen (Drehmaschinen, Schwei\u00dfmaschinen, Bohrmaschinen, Fr\u00e4smaschinen, Walzmaschinen etc) haben wir zahlreiche Beh\u00e4lter, Teile und Zubeh\u00f6r f\u00fchren kann, ausgestattet. Skids Silos, Cyclonen, und andere Beh\u00e4lter Flanschen Mannl\u00f6cher Schauglas Tragstrukturen Konus &#8211; Industrielle Trichter Grundplatten und Rohrb\u00f6den Andere Arten von Teilen und Armaturen<\/p>\n","protected":false},"author":1,"featured_media":0,"parent":0,"menu_order":0,"comment_status":"closed","ping_status":"open","template":"","meta":[],"_links":{"self":[{"href":"http:\/\/www.instalcaz.eu\/de\/wp-json\/wp\/v2\/pages\/2329"}],"collection":[{"href":"http:\/\/www.instalcaz.eu\/de\/wp-json\/wp\/v2\/pages"}],"about":[{"href":"http:\/\/www.instalcaz.eu\/de\/wp-json\/wp\/v2\/types\/page"}],"author":[{"embeddable":true,"href":"http:\/\/www.instalcaz.eu\/de\/wp-json\/wp\/v2\/users\/1"}],"replies":[{"embeddable":true,"href":"http:\/\/www.instalcaz.eu\/de\/wp-json\/wp\/v2\/comments?post=2329"}],"version-history":[{"count":6,"href":"http:\/\/www.instalcaz.eu\/de\/wp-json\/wp\/v2\/pages\/2329\/revisions"}],"predecessor-version":[{"id":2370,"href":"http:\/\/www.instalcaz.eu\/de\/wp-json\/wp\/v2\/pages\/2329\/revisions\/2370"}],"wp:attachment":[{"href":"http:\/\/www.instalcaz.eu\/de\/wp-json\/wp\/v2\/media?parent=2329"}],"curies":[{"name":"wp","href":"https:\/\/api.w.org\/{rel}","templated":true}]}}