{"id":2331,"date":"2012-10-09T11:38:58","date_gmt":"2012-10-09T09:38:58","guid":{"rendered":"http:\/\/www.instalcaz.eu\/de\/?page_id=2331"},"modified":"2012-10-18T11:12:03","modified_gmt":"2012-10-18T09:12:03","slug":"schweissen","status":"publish","type":"page","link":"http:\/\/www.instalcaz.eu\/de\/schweissen\/","title":{"rendered":"Schwei\u00dfen"},"content":{"rendered":"<p>Qualit\u00e4ts Schwei\u00dfen ist der wichtigste Teil unserer T\u00e4tigkeit. Wir sind stolz auf unsere qualifizierten und erfahrenen Schwei\u00dfern und in der Qualit\u00e4t der Schwei\u00df-Maschinen und Materialien die wir verwenden. F\u00fcr Kunden Gewissheit k\u00f6nnen wir Pr\u00fcfungen unserer Schwei\u00dfungen mit verschiedenen Tests (gamma, x-ray usw.) bieten.<\/p>\n<p>Unsere Schwei\u00dfer werden regelm\u00e4\u00dfig von den rum\u00e4nische Beh\u00f6rde zur Kontrolle und Genehmigung in dem Gebiet der Druckbeh\u00e4lter (ISCIR) gepr\u00fcft und erhalten Qualit\u00e4ts-Zertifikate nach europ\u00e4ischen Standards. Wir verf\u00fcgen \u00fcber eigene Schwei\u00df-Techniken, aber f\u00fcr die komplexeren Projekte, arbeiten wir zusammen mit anderen Spezialisten und sogar der Schwei\u00dfen Abteilung der &#8220;Transilvania&#8221; Universit\u00e4t in Brasov zusammenarbeiten.<\/p>\n<p>F\u00fcr Informationen \u00fcber die geschwei\u00dften Konstruktionen die wir ausf\u00fchren k\u00f6nnen, besuchen Sie bitte die <a href=\"\/de\/produkte\"><h7><strong>Produkten<\/strong><\/h7><\/a> Seite.<\/p>\n<p><strong>Techniken<\/strong>: TIG, WIG, MIG, MAG, elektrisch, autogenes&#8230;<br \/>\n<strong>Schwei\u00df Verfahren in \u00dcbereinstimmung mit EN-Normen<\/strong><br \/>\n<strong>Qualit\u00e4t Schwei\u00dfen von verschiedenen Materialien, einschlie\u00dflich Edelst\u00e4hlen und speziale St\u00e4hlen<\/strong><\/p>\n<div class=\"photo_gallery\"><ul>\n<li><span class=\"frame\"><a href=\"http:\/\/www.instalcaz.eu\/wp-content\/uploads\/2012\/10\/welding-1.jpg \" title=\"\"  rel=\"prettyPhoto[rt_photo_gallery]\" class=\"imgeffect plus\"><img src=\"http:\/\/www.instalcaz.eu\/wp-content\/uploads\/2012\/10\/welding-1-129x135.jpg\" alt=\"welding 1 129x135 Schwei\u00dfen\"  title=\"Schwei\u00dfen\" \/><\/a><\/span><span class=\"p_caption\" style=\"width:129px\"><\/span><\/li>\n<li><span class=\"frame\"><a href=\"http:\/\/www.instalcaz.eu\/wp-content\/uploads\/2012\/10\/welding-2.jpg \" title=\"\"  rel=\"prettyPhoto[rt_photo_gallery]\" class=\"imgeffect plus\"><img src=\"http:\/\/www.instalcaz.eu\/wp-content\/uploads\/2012\/10\/welding-2-129x135.jpg\" alt=\"welding 2 129x135 Schwei\u00dfen\"  title=\"Schwei\u00dfen\" \/><\/a><\/span><span class=\"p_caption\" style=\"width:129px\"><\/span><\/li>\n<li><span class=\"frame\"><a href=\"http:\/\/www.instalcaz.eu\/wp-content\/uploads\/2012\/10\/welding-3.jpg \" title=\"\"  rel=\"prettyPhoto[rt_photo_gallery]\" class=\"imgeffect plus\"><img src=\"http:\/\/www.instalcaz.eu\/wp-content\/uploads\/2012\/10\/welding-3-129x135.jpg\" alt=\"welding 3 129x135 Schwei\u00dfen\"  title=\"Schwei\u00dfen\" \/><\/a><\/span><span class=\"p_caption\" style=\"width:129px\"><\/span><\/li>\n<li><span class=\"frame\"><a href=\"http:\/\/www.instalcaz.eu\/wp-content\/uploads\/2012\/10\/welding-4.jpg \" title=\"\"  rel=\"prettyPhoto[rt_photo_gallery]\" class=\"imgeffect plus\"><img src=\"http:\/\/www.instalcaz.eu\/wp-content\/uploads\/2012\/10\/welding-4-129x135.jpg\" alt=\"welding 4 129x135 Schwei\u00dfen\"  title=\"Schwei\u00dfen\" \/><\/a><\/span><span class=\"p_caption\" style=\"width:129px\"><\/span><\/li>\n<\/ul><div class=\"clear\"><\/div><\/div>\n<div class=\"clear\"><\/div><h3>Kontaktieren Sie uns!<\/h3><p><i>F\u00fcr Anfragen und Fragen zu unseren Produkten oder Dienstleistungen.<\/i><\/p><!-- contact form --><div class=\"clear\"><\/div><div id=\"result\"><\/div><div id=\"contact_form\">\t<form action=\"http:\/\/www.instalcaz.eu\/de\/wp-content\/themes\/instalcaz\/contact_form.php\" name=\"contact_form\" id=\"validate_form\" method=\"post\">\t\t<ul>\t\t\t<li><label for=\"name\">Name: (*)<\/label><input id=\"name\" type=\"text\" name=\"name\" value=\"\" class=\"required\" \/> <\/li>\t\t\t<li><label for=\"email\">E-mail: (*)<\/label><input id=\"email\" type=\"text\" name=\"email\" value=\"\" class=\"required email\"\t \/> <\/li>\t\t\t<li><label for=\"phone\">Telefon:<\/label><input id=\"phone\" type=\"text\" name=\"phone\" value=\"\" \/> <\/li>\t\t\t<li><label for=\"message\">Nachricht (*)<\/label><textarea  id=\"message\" name=\"message\" rows=\"8\" cols=\"40\"\tclass=\"required\"><\/textarea><\/li>\t\t\t<li>\t\t\t<input type=\"hidden\" name=\"your_email\" value=\"office@instalcaz.eu\">\t\t\t<input type=\"hidden\" name=\"your_web_site_name\" value=\"Druckbeh\u00e4lter - W\u00e4rmetauscher - Stahlbau - Schwei\u00dfen \u2013 Stahlkonstruktion - Instalcaz srl Brasov, Rumanian\">\t\t\t<input type=\"hidden\" name=\"text_1\" value=\"Thank you!\">\t\t\t<input type=\"hidden\" name=\"text_2\" value=\"Your message was delivired. We will respond in short time.\">\t\t\t<input type=\"hidden\" name=\"text_3\" value=\"There was an error submitting the form.\">\t\t\t<input type=\"hidden\" name=\"text_4\" value=\"Please enter a valid email address!\">\t\t\t<input type=\"submit\" class=\"button\" value=\"Senden\"  \/><span class=\"loading\"><\/span><\/li>\t\t<\/ul>\t<\/form><\/div><div class=\"clear\"><\/div><!-- \/contact form -->","protected":false},"excerpt":{"rendered":"<p>Qualit\u00e4ts Schwei\u00dfen ist der wichtigste Teil unserer T\u00e4tigkeit. Wir sind stolz auf unsere qualifizierten und erfahrenen Schwei\u00dfern und in der Qualit\u00e4t der Schwei\u00df-Maschinen und Materialien die wir verwenden. F\u00fcr Kunden Gewissheit k\u00f6nnen wir Pr\u00fcfungen unserer Schwei\u00dfungen mit verschiedenen Tests (gamma, x-ray usw.) bieten. Unsere Schwei\u00dfer werden regelm\u00e4\u00dfig von den rum\u00e4nische Beh\u00f6rde zur Kontrolle und Genehmigung [&hellip;]<\/p>\n","protected":false},"author":1,"featured_media":0,"parent":0,"menu_order":0,"comment_status":"closed","ping_status":"open","template":"","meta":[],"_links":{"self":[{"href":"http:\/\/www.instalcaz.eu\/de\/wp-json\/wp\/v2\/pages\/2331"}],"collection":[{"href":"http:\/\/www.instalcaz.eu\/de\/wp-json\/wp\/v2\/pages"}],"about":[{"href":"http:\/\/www.instalcaz.eu\/de\/wp-json\/wp\/v2\/types\/page"}],"author":[{"embeddable":true,"href":"http:\/\/www.instalcaz.eu\/de\/wp-json\/wp\/v2\/users\/1"}],"replies":[{"embeddable":true,"href":"http:\/\/www.instalcaz.eu\/de\/wp-json\/wp\/v2\/comments?post=2331"}],"version-history":[{"count":7,"href":"http:\/\/www.instalcaz.eu\/de\/wp-json\/wp\/v2\/pages\/2331\/revisions"}],"predecessor-version":[{"id":2407,"href":"http:\/\/www.instalcaz.eu\/de\/wp-json\/wp\/v2\/pages\/2331\/revisions\/2407"}],"wp:attachment":[{"href":"http:\/\/www.instalcaz.eu\/de\/wp-json\/wp\/v2\/media?parent=2331"}],"curies":[{"name":"wp","href":"https:\/\/api.w.org\/{rel}","templated":true}]}}