{"id":2333,"date":"2012-10-09T11:39:31","date_gmt":"2012-10-09T09:39:31","guid":{"rendered":"http:\/\/www.instalcaz.eu\/de\/?page_id=2333"},"modified":"2012-10-18T10:12:37","modified_gmt":"2012-10-18T08:12:37","slug":"luftkanal-und-rohrleitungsbau","status":"publish","type":"page","link":"http:\/\/www.instalcaz.eu\/de\/luftkanal-und-rohrleitungsbau\/","title":{"rendered":"Luftkanal- und Rohrleitungsbau"},"content":{"rendered":"<p>Wir k\u00f6nnen Rohrleitungssysteme f\u00fcr verschiedene Zwecke wie Heizungsanlagen, Klimaanlagen oder technologischen Anlagen (f\u00fcr den Transport von verschiedenen Fl\u00fcssigkeiten oder Gase) durchzuf\u00fchren.<\/p>\n<p>Unser Unternehmen verf\u00fcgt \u00fcber die F\u00e4higkeiten zu entwerfen und auszuf\u00fchren von Heizungsanlagen:<\/p>\n<ul class=\"check\">\n<h6>\n<li>Komplette Heizungs-, L\u00fcftungs- und Klimaanlagen (HVAC)<\/li>\n<\/h6>\n<h6>\n<li>Heizung mit warmem Wasser (Heizk\u00f6rper)<\/li>\n<\/h6>\n<h6>\n<li>Heizung mit warmer Luft (Lufterhitzer)<\/li>\n<\/h6>\n<h6>\n<li>Heizung mit Dampf<\/li>\n<\/h6>\n<h6>\n<li>Fu\u00dfbodenheizung<\/li>\n<\/h6>\n<\/ul>\n<p>Wir sind in Dampf-Installationen, einschlie\u00dflich der Verwertung von Kondens, spezialisiert. Je nach den Bed\u00fcrfnisse des Klienten, k\u00f6nnen die Kessel in den Anlagen verwendet werden fur produzieren von hei\u00dfes Wasser, warmes Wasser oder Dampf und das Brennstoff kann Feststoff, Gas oder fl\u00fcssigen sein.<\/p>\n<h6>Luftkanalbau<\/h6>\n<p>Wir k\u00f6nnen die Ausf\u00fchrung und Montage fur Luftkan\u00e4le, die h\u00e4ufig in L\u00fcftungsanlagen eingesetzt werden, vollziehen.<\/p>\n<div class=\"photo_gallery\"><ul>\n<li><span class=\"frame\"><a href=\"http:\/\/www.instalcaz.eu\/wp-content\/uploads\/2012\/10\/piping-airducts-1.jpg \" title=\"\"  rel=\"prettyPhoto[rt_photo_gallery]\" class=\"imgeffect plus\"><img src=\"http:\/\/www.instalcaz.eu\/wp-content\/uploads\/2012\/10\/piping-airducts-1-129x135.jpg\" alt=\"piping airducts 1 129x135 Luftkanal  und Rohrleitungsbau\"  title=\"Luftkanal  und Rohrleitungsbau\" \/><\/a><\/span><span class=\"p_caption\" style=\"width:129px\"><\/span><\/li>\n<li><span class=\"frame\"><a href=\"http:\/\/www.instalcaz.eu\/wp-content\/uploads\/2012\/10\/piping-airducts-2.jpg \" title=\"\"  rel=\"prettyPhoto[rt_photo_gallery]\" class=\"imgeffect plus\"><img src=\"http:\/\/www.instalcaz.eu\/wp-content\/uploads\/2012\/10\/piping-airducts-2-129x135.jpg\" alt=\"piping airducts 2 129x135 Luftkanal  und Rohrleitungsbau\"  title=\"Luftkanal  und Rohrleitungsbau\" \/><\/a><\/span><span class=\"p_caption\" style=\"width:129px\"><\/span><\/li>\n<li><span class=\"frame\"><a href=\"http:\/\/www.instalcaz.eu\/wp-content\/uploads\/2012\/10\/piping-airducts-3.jpg \" title=\"\"  rel=\"prettyPhoto[rt_photo_gallery]\" class=\"imgeffect plus\"><img src=\"http:\/\/www.instalcaz.eu\/wp-content\/uploads\/2012\/10\/piping-airducts-3-129x135.jpg\" alt=\"piping airducts 3 129x135 Luftkanal  und Rohrleitungsbau\"  title=\"Luftkanal  und Rohrleitungsbau\" \/><\/a><\/span><span class=\"p_caption\" style=\"width:129px\"><\/span><\/li>\n<li><span class=\"frame\"><a href=\"http:\/\/www.instalcaz.eu\/wp-content\/uploads\/2012\/10\/piping-airducts-4.jpg \" title=\"\"  rel=\"prettyPhoto[rt_photo_gallery]\" class=\"imgeffect plus\"><img src=\"http:\/\/www.instalcaz.eu\/wp-content\/uploads\/2012\/10\/piping-airducts-4-129x135.jpg\" alt=\"piping airducts 4 129x135 Luftkanal  und Rohrleitungsbau\"  title=\"Luftkanal  und Rohrleitungsbau\" \/><\/a><\/span><span class=\"p_caption\" style=\"width:129px\"><\/span><\/li>\n<li><span class=\"frame\"><a href=\"http:\/\/www.instalcaz.eu\/wp-content\/uploads\/2012\/10\/piping-airducts-5.jpg \" title=\"\"  rel=\"prettyPhoto[rt_photo_gallery]\" class=\"imgeffect plus\"><img src=\"http:\/\/www.instalcaz.eu\/wp-content\/uploads\/2012\/10\/piping-airducts-5-129x135.jpg\" alt=\"piping airducts 5 129x135 Luftkanal  und Rohrleitungsbau\"  title=\"Luftkanal  und Rohrleitungsbau\" \/><\/a><\/span><span class=\"p_caption\" style=\"width:129px\"><\/span><\/li>\n<li><span class=\"frame\"><a href=\"http:\/\/www.instalcaz.eu\/wp-content\/uploads\/2012\/10\/piping-airducts-6.jpg \" title=\"\"  rel=\"prettyPhoto[rt_photo_gallery]\" class=\"imgeffect plus\"><img src=\"http:\/\/www.instalcaz.eu\/wp-content\/uploads\/2012\/10\/piping-airducts-6-129x135.jpg\" alt=\"piping airducts 6 129x135 Luftkanal  und Rohrleitungsbau\"  title=\"Luftkanal  und Rohrleitungsbau\" \/><\/a><\/span><span class=\"p_caption\" style=\"width:129px\"><\/span><\/li>\n<li><span class=\"frame\"><a href=\"http:\/\/www.instalcaz.eu\/wp-content\/uploads\/2012\/10\/piping-airducts-7.jpg \" title=\"\"  rel=\"prettyPhoto[rt_photo_gallery]\" class=\"imgeffect plus\"><img src=\"http:\/\/www.instalcaz.eu\/wp-content\/uploads\/2012\/10\/piping-airducts-7-129x135.jpg\" alt=\"piping airducts 7 129x135 Luftkanal  und Rohrleitungsbau\"  title=\"Luftkanal  und Rohrleitungsbau\" \/><\/a><\/span><span class=\"p_caption\" style=\"width:129px\"><\/span><\/li>\n<li><span class=\"frame\"><a href=\"http:\/\/www.instalcaz.eu\/wp-content\/uploads\/2012\/10\/piping-airducts-8.jpg \" title=\"\"  rel=\"prettyPhoto[rt_photo_gallery]\" class=\"imgeffect plus\"><img src=\"http:\/\/www.instalcaz.eu\/wp-content\/uploads\/2012\/10\/piping-airducts-8-129x135.jpg\" alt=\"piping airducts 8 129x135 Luftkanal  und Rohrleitungsbau\"  title=\"Luftkanal  und Rohrleitungsbau\" \/><\/a><\/span><span class=\"p_caption\" style=\"width:129px\"><\/span><\/li>\n<li><span class=\"frame\"><a href=\"http:\/\/www.instalcaz.eu\/wp-content\/uploads\/2012\/10\/piping-airducts-9.jpg \" title=\"\"  rel=\"prettyPhoto[rt_photo_gallery]\" class=\"imgeffect plus\"><img src=\"http:\/\/www.instalcaz.eu\/wp-content\/uploads\/2012\/10\/piping-airducts-9-129x135.jpg\" alt=\"piping airducts 9 129x135 Luftkanal  und Rohrleitungsbau\"  title=\"Luftkanal  und Rohrleitungsbau\" \/><\/a><\/span><span class=\"p_caption\" style=\"width:129px\"><\/span><\/li>\n<li><span class=\"frame\"><a href=\"http:\/\/www.instalcaz.eu\/wp-content\/uploads\/2012\/10\/piping-airducts-10.jpg \" title=\"\"  rel=\"prettyPhoto[rt_photo_gallery]\" class=\"imgeffect plus\"><img src=\"http:\/\/www.instalcaz.eu\/wp-content\/uploads\/2012\/10\/piping-airducts-10-129x135.jpg\" alt=\"piping airducts 10 129x135 Luftkanal  und Rohrleitungsbau\"  title=\"Luftkanal  und Rohrleitungsbau\" \/><\/a><\/span><span class=\"p_caption\" style=\"width:129px\"><\/span><\/li>\n<li><span class=\"frame\"><a href=\"http:\/\/www.instalcaz.eu\/wp-content\/uploads\/2012\/10\/piping-airducts-11.jpg \" title=\"\"  rel=\"prettyPhoto[rt_photo_gallery]\" class=\"imgeffect plus\"><img src=\"http:\/\/www.instalcaz.eu\/wp-content\/uploads\/2012\/10\/piping-airducts-11-129x135.jpg\" alt=\"piping airducts 11 129x135 Luftkanal  und Rohrleitungsbau\"  title=\"Luftkanal  und Rohrleitungsbau\" \/><\/a><\/span><span class=\"p_caption\" style=\"width:129px\"><\/span><\/li>\n<li><span class=\"frame\"><a href=\"http:\/\/www.instalcaz.eu\/wp-content\/uploads\/2012\/10\/piping-airducts-12.jpg \" title=\"\"  rel=\"prettyPhoto[rt_photo_gallery]\" class=\"imgeffect plus\"><img src=\"http:\/\/www.instalcaz.eu\/wp-content\/uploads\/2012\/10\/piping-airducts-12-129x135.jpg\" alt=\"piping airducts 12 129x135 Luftkanal  und Rohrleitungsbau\"  title=\"Luftkanal  und Rohrleitungsbau\" \/><\/a><\/span><span class=\"p_caption\" style=\"width:129px\"><\/span><\/li>\n<\/ul><div class=\"clear\"><\/div><\/div>\n<div class=\"clear\"><\/div><h3>Kontaktieren Sie uns!<\/h3><p><i>F\u00fcr Anfragen und Fragen zu unseren Produkten oder Dienstleistungen.<\/i><\/p><!-- contact form --><div class=\"clear\"><\/div><div id=\"result\"><\/div><div id=\"contact_form\">\t<form action=\"http:\/\/www.instalcaz.eu\/de\/wp-content\/themes\/instalcaz\/contact_form.php\" name=\"contact_form\" id=\"validate_form\" method=\"post\">\t\t<ul>\t\t\t<li><label for=\"name\">Name: (*)<\/label><input id=\"name\" type=\"text\" name=\"name\" value=\"\" class=\"required\" \/> <\/li>\t\t\t<li><label for=\"email\">E-mail: (*)<\/label><input id=\"email\" type=\"text\" name=\"email\" value=\"\" class=\"required email\"\t \/> <\/li>\t\t\t<li><label for=\"phone\">Telefon:<\/label><input id=\"phone\" type=\"text\" name=\"phone\" value=\"\" \/> <\/li>\t\t\t<li><label for=\"message\">Nachricht (*)<\/label><textarea  id=\"message\" name=\"message\" rows=\"8\" cols=\"40\"\tclass=\"required\"><\/textarea><\/li>\t\t\t<li>\t\t\t<input type=\"hidden\" name=\"your_email\" value=\"office@instalcaz.eu\">\t\t\t<input type=\"hidden\" name=\"your_web_site_name\" value=\"Druckbeh\u00e4lter - W\u00e4rmetauscher - Stahlbau - Schwei\u00dfen \u2013 Stahlkonstruktion - Instalcaz srl Brasov, Rumanian\">\t\t\t<input type=\"hidden\" name=\"text_1\" value=\"Thank you!\">\t\t\t<input type=\"hidden\" name=\"text_2\" value=\"Your message was delivired. We will respond in short time.\">\t\t\t<input type=\"hidden\" name=\"text_3\" value=\"There was an error submitting the form.\">\t\t\t<input type=\"hidden\" name=\"text_4\" value=\"Please enter a valid email address!\">\t\t\t<input type=\"submit\" class=\"button\" value=\"Senden\"  \/><span class=\"loading\"><\/span><\/li>\t\t<\/ul>\t<\/form><\/div><div class=\"clear\"><\/div><!-- \/contact form -->","protected":false},"excerpt":{"rendered":"<p>Wir k\u00f6nnen Rohrleitungssysteme f\u00fcr verschiedene Zwecke wie Heizungsanlagen, Klimaanlagen oder technologischen Anlagen (f\u00fcr den Transport von verschiedenen Fl\u00fcssigkeiten oder Gase) durchzuf\u00fchren. Unser Unternehmen verf\u00fcgt \u00fcber die F\u00e4higkeiten zu entwerfen und auszuf\u00fchren von Heizungsanlagen: Komplette Heizungs-, L\u00fcftungs- und Klimaanlagen (HVAC) Heizung mit warmem Wasser (Heizk\u00f6rper) Heizung mit warmer Luft (Lufterhitzer) Heizung mit Dampf Fu\u00dfbodenheizung Wir sind [&hellip;]<\/p>\n","protected":false},"author":1,"featured_media":0,"parent":0,"menu_order":0,"comment_status":"closed","ping_status":"open","template":"","meta":[],"_links":{"self":[{"href":"http:\/\/www.instalcaz.eu\/de\/wp-json\/wp\/v2\/pages\/2333"}],"collection":[{"href":"http:\/\/www.instalcaz.eu\/de\/wp-json\/wp\/v2\/pages"}],"about":[{"href":"http:\/\/www.instalcaz.eu\/de\/wp-json\/wp\/v2\/types\/page"}],"author":[{"embeddable":true,"href":"http:\/\/www.instalcaz.eu\/de\/wp-json\/wp\/v2\/users\/1"}],"replies":[{"embeddable":true,"href":"http:\/\/www.instalcaz.eu\/de\/wp-json\/wp\/v2\/comments?post=2333"}],"version-history":[{"count":8,"href":"http:\/\/www.instalcaz.eu\/de\/wp-json\/wp\/v2\/pages\/2333\/revisions"}],"predecessor-version":[{"id":2386,"href":"http:\/\/www.instalcaz.eu\/de\/wp-json\/wp\/v2\/pages\/2333\/revisions\/2386"}],"wp:attachment":[{"href":"http:\/\/www.instalcaz.eu\/de\/wp-json\/wp\/v2\/media?parent=2333"}],"curies":[{"name":"wp","href":"https:\/\/api.w.org\/{rel}","templated":true}]}}