{"id":2335,"date":"2012-10-09T11:40:11","date_gmt":"2012-10-09T09:40:11","guid":{"rendered":"http:\/\/www.instalcaz.eu\/de\/?page_id=2335"},"modified":"2012-10-18T10:29:35","modified_gmt":"2012-10-18T08:29:35","slug":"industriekesseln","status":"publish","type":"page","link":"http:\/\/www.instalcaz.eu\/de\/industriekesseln\/","title":{"rendered":"Industriekesseln"},"content":{"rendered":"<p>Im Bereich der industriellen Kessel verf\u00fcgt unser Unternehmen \u00fcber umfassende Erfahrung, angefangen von der lokalen Niederlassung f\u00fcr Montage und Reparaturen der staatlichen nationalen Kesselbau Anlage. Heute haben wir die M\u00f6glichkeiten zur Vor-Ort Montage von Industrie-Kessel f\u00fcr die Produktion von hei\u00dfes Wasser, warmes Wasser oder Dampf, einschlie\u00dflich der gesamten afferenten Installation und zur Wartung und Reparatur dieser Heizkesseln.<\/p>\n<h6>Montage von Industriekesseln<\/h6>\n<p>W\u00e4hrend unserer langj\u00e4hrigen T\u00e4tigkeit haben wir zahlreichere Industriekesseln montiert und in die Ausbeutung gesetzt, einschlie\u00dflich der Rohrleitungen und die notwendige Ausr\u00fcstung f\u00fcr den Kesselraum und dar\u00fcber hinaus, vorgesehen f\u00fcr:<br \/>\n<b>&#8211; Erzeugung von Dampf f\u00fcr verschiedene Anwendungen, mit Durchfluss von bis zu 50 to\/h, 16bar ges\u00e4ttigten oder \u00fcberhitzten Dampf, mit festen, fl\u00fcssigen oder gasf\u00f6rmigen Brennstoffen<br \/>\n&#8211; Produktion von hei\u00dfem oder warmem Wasser f\u00fcr Heizung oder andere Funktionen, mit St\u00e4rken von bis zu 100Gcal und jede Art von Brennstoff<\/b><\/p>\n<h6>Reparatur von Industriekesseln<\/h6>\n<p>Unser Unternehmen ist spezialisiert in der Ausf\u00fchrung von Wartungsarbeiten, Reparaturen oder Modernisierungen an industrielle Heizkessel f\u00fcr die Produktion auf Dampf, hei\u00dfem Wasser oder warmem Wasser, sowie anderen Ger\u00e4ten verwendet in thermoteknischen Anlagen (Distributoren, Degasoren, W\u00e4rmetauscher, Druckbeh\u00e4lter usw.) . Unsere Dienstleistungen umfassen <strong> chemische Reinigung <\/strong>, <strong> Ersetzen des Rohrb\u00fcndels <\/strong>, <strong> W\u00e4nden aus feuerfestes Zement <\/strong>, <strong> W\u00e4rmeisolierung <\/strong>, Ausf\u00fchrung der Isolierung von aus Stahl, Edelstahl oder Aluminium und andere.<\/p>\n<div class=\"photo_gallery\"><ul>\n<li><span class=\"frame\"><a href=\"http:\/\/www.instalcaz.eu\/wp-content\/uploads\/2012\/10\/ct-1.jpg \" title=\"\"  rel=\"prettyPhoto[rt_photo_gallery]\" class=\"imgeffect plus\"><img src=\"http:\/\/www.instalcaz.eu\/wp-content\/uploads\/2012\/10\/ct-1-129x135.jpg\" alt=\"ct 1 129x135 Industriekesseln\"  title=\"Industriekesseln\" \/><\/a><\/span><span class=\"p_caption\" style=\"width:129px\"><\/span><\/li>\n<li><span class=\"frame\"><a href=\"http:\/\/www.instalcaz.eu\/wp-content\/uploads\/2012\/10\/ct-2.jpg \" title=\"\"  rel=\"prettyPhoto[rt_photo_gallery]\" class=\"imgeffect plus\"><img src=\"http:\/\/www.instalcaz.eu\/wp-content\/uploads\/2012\/10\/ct-2-129x135.jpg\" alt=\"ct 2 129x135 Industriekesseln\"  title=\"Industriekesseln\" \/><\/a><\/span><span class=\"p_caption\" style=\"width:129px\"><\/span><\/li>\n<li><span class=\"frame\"><a href=\"http:\/\/www.instalcaz.eu\/wp-content\/uploads\/2012\/10\/ct-3.jpg \" title=\"\"  rel=\"prettyPhoto[rt_photo_gallery]\" class=\"imgeffect plus\"><img src=\"http:\/\/www.instalcaz.eu\/wp-content\/uploads\/2012\/10\/ct-3-129x135.jpg\" alt=\"ct 3 129x135 Industriekesseln\"  title=\"Industriekesseln\" \/><\/a><\/span><span class=\"p_caption\" style=\"width:129px\"><\/span><\/li>\n<li><span class=\"frame\"><a href=\"http:\/\/www.instalcaz.eu\/wp-content\/uploads\/2012\/10\/ct-4.jpg \" title=\"\"  rel=\"prettyPhoto[rt_photo_gallery]\" class=\"imgeffect plus\"><img src=\"http:\/\/www.instalcaz.eu\/wp-content\/uploads\/2012\/10\/ct-4-129x135.jpg\" alt=\"ct 4 129x135 Industriekesseln\"  title=\"Industriekesseln\" \/><\/a><\/span><span class=\"p_caption\" style=\"width:129px\"><\/span><\/li>\n<li><span class=\"frame\"><a href=\"http:\/\/www.instalcaz.eu\/wp-content\/uploads\/2012\/10\/ct-5.jpg \" title=\"\"  rel=\"prettyPhoto[rt_photo_gallery]\" class=\"imgeffect plus\"><img src=\"http:\/\/www.instalcaz.eu\/wp-content\/uploads\/2012\/10\/ct-5-129x135.jpg\" alt=\"ct 5 129x135 Industriekesseln\"  title=\"Industriekesseln\" \/><\/a><\/span><span class=\"p_caption\" style=\"width:129px\"><\/span><\/li>\n<li><span class=\"frame\"><a href=\"http:\/\/www.instalcaz.eu\/wp-content\/uploads\/2012\/10\/ct-6.jpg \" title=\"\"  rel=\"prettyPhoto[rt_photo_gallery]\" class=\"imgeffect plus\"><img src=\"http:\/\/www.instalcaz.eu\/wp-content\/uploads\/2012\/10\/ct-6-129x135.jpg\" alt=\"ct 6 129x135 Industriekesseln\"  title=\"Industriekesseln\" \/><\/a><\/span><span class=\"p_caption\" style=\"width:129px\"><\/span><\/li>\n<li><span class=\"frame\"><a href=\"http:\/\/www.instalcaz.eu\/wp-content\/uploads\/2012\/10\/ct-7.jpg \" title=\"\"  rel=\"prettyPhoto[rt_photo_gallery]\" class=\"imgeffect plus\"><img src=\"http:\/\/www.instalcaz.eu\/wp-content\/uploads\/2012\/10\/ct-7-129x135.jpg\" alt=\"ct 7 129x135 Industriekesseln\"  title=\"Industriekesseln\" \/><\/a><\/span><span class=\"p_caption\" style=\"width:129px\"><\/span><\/li>\n<li><span class=\"frame\"><a href=\"http:\/\/www.instalcaz.eu\/wp-content\/uploads\/2012\/10\/ct-8.jpg \" title=\"\"  rel=\"prettyPhoto[rt_photo_gallery]\" class=\"imgeffect plus\"><img src=\"http:\/\/www.instalcaz.eu\/wp-content\/uploads\/2012\/10\/ct-8-129x135.jpg\" alt=\"ct 8 129x135 Industriekesseln\"  title=\"Industriekesseln\" \/><\/a><\/span><span class=\"p_caption\" style=\"width:129px\"><\/span><\/li>\n<\/ul><div class=\"clear\"><\/div><\/div>\n<div class=\"clear\"><\/div><h3>Kontaktieren Sie uns!<\/h3><p><i>F\u00fcr Anfragen und Fragen zu unseren Produkten oder Dienstleistungen.<\/i><\/p><!-- contact form --><div class=\"clear\"><\/div><div id=\"result\"><\/div><div id=\"contact_form\">\t<form action=\"http:\/\/www.instalcaz.eu\/de\/wp-content\/themes\/instalcaz\/contact_form.php\" name=\"contact_form\" id=\"validate_form\" method=\"post\">\t\t<ul>\t\t\t<li><label for=\"name\">Name: (*)<\/label><input id=\"name\" type=\"text\" name=\"name\" value=\"\" class=\"required\" \/> <\/li>\t\t\t<li><label for=\"email\">E-mail: (*)<\/label><input id=\"email\" type=\"text\" name=\"email\" value=\"\" class=\"required email\"\t \/> <\/li>\t\t\t<li><label for=\"phone\">Telefon:<\/label><input id=\"phone\" type=\"text\" name=\"phone\" value=\"\" \/> <\/li>\t\t\t<li><label for=\"message\">Nachricht (*)<\/label><textarea  id=\"message\" name=\"message\" rows=\"8\" cols=\"40\"\tclass=\"required\"><\/textarea><\/li>\t\t\t<li>\t\t\t<input type=\"hidden\" name=\"your_email\" value=\"office@instalcaz.eu\">\t\t\t<input type=\"hidden\" name=\"your_web_site_name\" value=\"Druckbeh\u00e4lter - W\u00e4rmetauscher - Stahlbau - Schwei\u00dfen \u2013 Stahlkonstruktion - Instalcaz srl Brasov, Rumanian\">\t\t\t<input type=\"hidden\" name=\"text_1\" value=\"Thank you!\">\t\t\t<input type=\"hidden\" name=\"text_2\" value=\"Your message was delivired. We will respond in short time.\">\t\t\t<input type=\"hidden\" name=\"text_3\" value=\"There was an error submitting the form.\">\t\t\t<input type=\"hidden\" name=\"text_4\" value=\"Please enter a valid email address!\">\t\t\t<input type=\"submit\" class=\"button\" value=\"Senden\"  \/><span class=\"loading\"><\/span><\/li>\t\t<\/ul>\t<\/form><\/div><div class=\"clear\"><\/div><!-- \/contact form -->","protected":false},"excerpt":{"rendered":"<p>Im Bereich der industriellen Kessel verf\u00fcgt unser Unternehmen \u00fcber umfassende Erfahrung, angefangen von der lokalen Niederlassung f\u00fcr Montage und Reparaturen der staatlichen nationalen Kesselbau Anlage. Heute haben wir die M\u00f6glichkeiten zur Vor-Ort Montage von Industrie-Kessel f\u00fcr die Produktion von hei\u00dfes Wasser, warmes Wasser oder Dampf, einschlie\u00dflich der gesamten afferenten Installation und zur Wartung und Reparatur [&hellip;]<\/p>\n","protected":false},"author":1,"featured_media":0,"parent":0,"menu_order":0,"comment_status":"closed","ping_status":"open","template":"","meta":[],"_links":{"self":[{"href":"http:\/\/www.instalcaz.eu\/de\/wp-json\/wp\/v2\/pages\/2335"}],"collection":[{"href":"http:\/\/www.instalcaz.eu\/de\/wp-json\/wp\/v2\/pages"}],"about":[{"href":"http:\/\/www.instalcaz.eu\/de\/wp-json\/wp\/v2\/types\/page"}],"author":[{"embeddable":true,"href":"http:\/\/www.instalcaz.eu\/de\/wp-json\/wp\/v2\/users\/1"}],"replies":[{"embeddable":true,"href":"http:\/\/www.instalcaz.eu\/de\/wp-json\/wp\/v2\/comments?post=2335"}],"version-history":[{"count":5,"href":"http:\/\/www.instalcaz.eu\/de\/wp-json\/wp\/v2\/pages\/2335\/revisions"}],"predecessor-version":[{"id":2389,"href":"http:\/\/www.instalcaz.eu\/de\/wp-json\/wp\/v2\/pages\/2335\/revisions\/2389"}],"wp:attachment":[{"href":"http:\/\/www.instalcaz.eu\/de\/wp-json\/wp\/v2\/media?parent=2335"}],"curies":[{"name":"wp","href":"https:\/\/api.w.org\/{rel}","templated":true}]}}