{"id":2339,"date":"2012-10-09T11:41:30","date_gmt":"2012-10-09T09:41:30","guid":{"rendered":"http:\/\/www.instalcaz.eu\/de\/?page_id=2339"},"modified":"2012-10-18T10:39:33","modified_gmt":"2012-10-18T08:39:33","slug":"industriekesseln-reparatur","status":"publish","type":"page","link":"http:\/\/www.instalcaz.eu\/de\/industriekesseln-reparatur\/","title":{"rendered":"Industriekesseln Reparatur"},"content":{"rendered":"<p>Unser Unternehmen ist in der Ausf\u00fchrung von Wartungsarbeiten, Reparaturen oder Modernisierungen an industrielle Heizkessel f\u00fcr die Produktion auf Dampf, hei\u00dfem Wasser oder warmem Wasser, sowie anderen Ger\u00e4ten verwendet im thermoteknischen Anlagen (Distributoren, Degasoren, W\u00e4rmetauscher, Druckbeh\u00e4lter usw.) spezialisiert.<\/p>\n<p>Unsere Dienstleistungen umfassen <strong> chemische Reinigung <\/strong>, <strong> Wechseln des Rohrb\u00fcndels <\/strong>, <strong>  W\u00e4nden aus feuerfestes Zement <\/strong>, <strong> W\u00e4rmeisolierung <\/strong>, Ausf\u00fchrung der Isolierung von aus Stahl, Edelstahl oder Aluminium und andere.<\/p>\n<div class=\"photo_gallery\"><ul>\n<li><span class=\"frame\"><a href=\"http:\/\/www.instalcaz.eu\/wp-content\/uploads\/2012\/10\/ct-1.jpg \" title=\"\"  rel=\"prettyPhoto[rt_photo_gallery]\" class=\"imgeffect plus\"><img src=\"http:\/\/www.instalcaz.eu\/wp-content\/uploads\/2012\/10\/ct-1-129x135.jpg\" alt=\"ct 1 129x135 Industriekesseln Reparatur\"  title=\"Industriekesseln Reparatur\" \/><\/a><\/span><span class=\"p_caption\" style=\"width:129px\"><\/span><\/li>\n<li><span class=\"frame\"><a href=\"http:\/\/www.instalcaz.eu\/wp-content\/uploads\/2012\/10\/repairs-2.jpg \" title=\"\"  rel=\"prettyPhoto[rt_photo_gallery]\" class=\"imgeffect plus\"><img src=\"http:\/\/www.instalcaz.eu\/wp-content\/uploads\/2012\/10\/repairs-2-129x135.jpg\" alt=\"repairs 2 129x135 Industriekesseln Reparatur\"  title=\"Industriekesseln Reparatur\" \/><\/a><\/span><span class=\"p_caption\" style=\"width:129px\"><\/span><\/li>\n<li><span class=\"frame\"><a href=\"http:\/\/www.instalcaz.eu\/wp-content\/uploads\/2012\/10\/ct-3.jpg \" title=\"\"  rel=\"prettyPhoto[rt_photo_gallery]\" class=\"imgeffect plus\"><img src=\"http:\/\/www.instalcaz.eu\/wp-content\/uploads\/2012\/10\/ct-3-129x135.jpg\" alt=\"ct 3 129x135 Industriekesseln Reparatur\"  title=\"Industriekesseln Reparatur\" \/><\/a><\/span><span class=\"p_caption\" style=\"width:129px\"><\/span><\/li>\n<li><span class=\"frame\"><a href=\"http:\/\/www.instalcaz.eu\/wp-content\/uploads\/2012\/10\/repairs-1.jpg \" title=\"\"  rel=\"prettyPhoto[rt_photo_gallery]\" class=\"imgeffect plus\"><img src=\"http:\/\/www.instalcaz.eu\/wp-content\/uploads\/2012\/10\/repairs-1-129x135.jpg\" alt=\"repairs 1 129x135 Industriekesseln Reparatur\"  title=\"Industriekesseln Reparatur\" \/><\/a><\/span><span class=\"p_caption\" style=\"width:129px\"><\/span><\/li>\n<li><span class=\"frame\"><a href=\"http:\/\/www.instalcaz.eu\/wp-content\/uploads\/2012\/10\/ct-5.jpg \" title=\"\"  rel=\"prettyPhoto[rt_photo_gallery]\" class=\"imgeffect plus\"><img src=\"http:\/\/www.instalcaz.eu\/wp-content\/uploads\/2012\/10\/ct-5-129x135.jpg\" alt=\"ct 5 129x135 Industriekesseln Reparatur\"  title=\"Industriekesseln Reparatur\" \/><\/a><\/span><span class=\"p_caption\" style=\"width:129px\"><\/span><\/li>\n<li><span class=\"frame\"><a href=\"http:\/\/www.instalcaz.eu\/wp-content\/uploads\/2012\/10\/ct-6.jpg \" title=\"\"  rel=\"prettyPhoto[rt_photo_gallery]\" class=\"imgeffect plus\"><img src=\"http:\/\/www.instalcaz.eu\/wp-content\/uploads\/2012\/10\/ct-6-129x135.jpg\" alt=\"ct 6 129x135 Industriekesseln Reparatur\"  title=\"Industriekesseln Reparatur\" \/><\/a><\/span><span class=\"p_caption\" style=\"width:129px\"><\/span><\/li>\n<li><span class=\"frame\"><a href=\"http:\/\/www.instalcaz.eu\/wp-content\/uploads\/2012\/10\/ct-7.jpg \" title=\"\"  rel=\"prettyPhoto[rt_photo_gallery]\" class=\"imgeffect plus\"><img src=\"http:\/\/www.instalcaz.eu\/wp-content\/uploads\/2012\/10\/ct-7-129x135.jpg\" alt=\"ct 7 129x135 Industriekesseln Reparatur\"  title=\"Industriekesseln Reparatur\" \/><\/a><\/span><span class=\"p_caption\" style=\"width:129px\"><\/span><\/li>\n<li><span class=\"frame\"><a href=\"http:\/\/www.instalcaz.eu\/wp-content\/uploads\/2012\/10\/ct-8.jpg \" title=\"\"  rel=\"prettyPhoto[rt_photo_gallery]\" class=\"imgeffect plus\"><img src=\"http:\/\/www.instalcaz.eu\/wp-content\/uploads\/2012\/10\/ct-8-129x135.jpg\" alt=\"ct 8 129x135 Industriekesseln Reparatur\"  title=\"Industriekesseln Reparatur\" \/><\/a><\/span><span class=\"p_caption\" style=\"width:129px\"><\/span><\/li>\n<\/ul><div class=\"clear\"><\/div><\/div>\n<div class=\"clear\"><\/div><h3>Kontaktieren Sie uns!<\/h3><p><i>F\u00fcr Anfragen und Fragen zu unseren Produkten oder Dienstleistungen.<\/i><\/p><!-- contact form --><div class=\"clear\"><\/div><div id=\"result\"><\/div><div id=\"contact_form\">\t<form action=\"http:\/\/www.instalcaz.eu\/de\/wp-content\/themes\/instalcaz\/contact_form.php\" name=\"contact_form\" id=\"validate_form\" method=\"post\">\t\t<ul>\t\t\t<li><label for=\"name\">Name: (*)<\/label><input id=\"name\" type=\"text\" name=\"name\" value=\"\" class=\"required\" \/> <\/li>\t\t\t<li><label for=\"email\">E-mail: (*)<\/label><input id=\"email\" type=\"text\" name=\"email\" value=\"\" class=\"required email\"\t \/> <\/li>\t\t\t<li><label for=\"phone\">Telefon:<\/label><input id=\"phone\" type=\"text\" name=\"phone\" value=\"\" \/> <\/li>\t\t\t<li><label for=\"message\">Nachricht (*)<\/label><textarea  id=\"message\" name=\"message\" rows=\"8\" cols=\"40\"\tclass=\"required\"><\/textarea><\/li>\t\t\t<li>\t\t\t<input type=\"hidden\" name=\"your_email\" value=\"office@instalcaz.eu\">\t\t\t<input type=\"hidden\" name=\"your_web_site_name\" value=\"Druckbeh\u00e4lter - W\u00e4rmetauscher - Stahlbau - Schwei\u00dfen \u2013 Stahlkonstruktion - Instalcaz srl Brasov, Rumanian\">\t\t\t<input type=\"hidden\" name=\"text_1\" value=\"Thank you!\">\t\t\t<input type=\"hidden\" name=\"text_2\" value=\"Your message was delivired. We will respond in short time.\">\t\t\t<input type=\"hidden\" name=\"text_3\" value=\"There was an error submitting the form.\">\t\t\t<input type=\"hidden\" name=\"text_4\" value=\"Please enter a valid email address!\">\t\t\t<input type=\"submit\" class=\"button\" value=\"Senden\"  \/><span class=\"loading\"><\/span><\/li>\t\t<\/ul>\t<\/form><\/div><div class=\"clear\"><\/div><!-- \/contact form -->","protected":false},"excerpt":{"rendered":"<p>Unser Unternehmen ist in der Ausf\u00fchrung von Wartungsarbeiten, Reparaturen oder Modernisierungen an industrielle Heizkessel f\u00fcr die Produktion auf Dampf, hei\u00dfem Wasser oder warmem Wasser, sowie anderen Ger\u00e4ten verwendet im thermoteknischen Anlagen (Distributoren, Degasoren, W\u00e4rmetauscher, Druckbeh\u00e4lter usw.) spezialisiert. Unsere Dienstleistungen umfassen chemische Reinigung , Wechseln des Rohrb\u00fcndels , W\u00e4nden aus feuerfestes Zement , W\u00e4rmeisolierung , Ausf\u00fchrung [&hellip;]<\/p>\n","protected":false},"author":1,"featured_media":0,"parent":0,"menu_order":0,"comment_status":"closed","ping_status":"open","template":"","meta":[],"_links":{"self":[{"href":"http:\/\/www.instalcaz.eu\/de\/wp-json\/wp\/v2\/pages\/2339"}],"collection":[{"href":"http:\/\/www.instalcaz.eu\/de\/wp-json\/wp\/v2\/pages"}],"about":[{"href":"http:\/\/www.instalcaz.eu\/de\/wp-json\/wp\/v2\/types\/page"}],"author":[{"embeddable":true,"href":"http:\/\/www.instalcaz.eu\/de\/wp-json\/wp\/v2\/users\/1"}],"replies":[{"embeddable":true,"href":"http:\/\/www.instalcaz.eu\/de\/wp-json\/wp\/v2\/comments?post=2339"}],"version-history":[{"count":5,"href":"http:\/\/www.instalcaz.eu\/de\/wp-json\/wp\/v2\/pages\/2339\/revisions"}],"predecessor-version":[{"id":2397,"href":"http:\/\/www.instalcaz.eu\/de\/wp-json\/wp\/v2\/pages\/2339\/revisions\/2397"}],"wp:attachment":[{"href":"http:\/\/www.instalcaz.eu\/de\/wp-json\/wp\/v2\/media?parent=2339"}],"curies":[{"name":"wp","href":"https:\/\/api.w.org\/{rel}","templated":true}]}}