{"id":2341,"date":"2012-10-09T11:42:38","date_gmt":"2012-10-09T09:42:38","guid":{"rendered":"http:\/\/www.instalcaz.eu\/de\/?page_id=2341"},"modified":"2012-10-18T10:58:44","modified_gmt":"2012-10-18T08:58:44","slug":"freistehende-schornsteine","status":"publish","type":"page","link":"http:\/\/www.instalcaz.eu\/de\/freistehende-schornsteine\/","title":{"rendered":"Freistehende Schornsteine"},"content":{"rendered":"<p>Die Planung, Ausf\u00fchrung und Montage von freistehende oder Struktural-unterst\u00fctzte Schornsteine \u200b\u200bf\u00fcr industrielle Heizkesseln, technologischen Ausr\u00fcstung oder andere Nutzungen ist ein Feld wo unser Unternehmen eine lange Tradition hat.<\/p>\n<p>Je nach den Bed\u00fcrfnissen des Klienten, industrielle Stahlschornsteinen variieren in H\u00f6he, Durchmesser, Material, Dicke der W\u00e4nde etc. F\u00fcr die Gestaltung der Schornsteine ist es wichtig seismische und Wind Faktoren zu ber\u00fccksichtigen. Schornsteine von gro\u00dfen H\u00f6he m\u00fcssen auch Treppen, Podeste, Sch\u00e4chte und in einigen F\u00e4llen auch Signale f\u00fcr die Luftfahrt enthalten. Die Vor-Ort-Montage von solchen Strukturen erfordert viel Planung und beinhaltet ein erfahrenes Team von Schwei\u00dfern und Arbeitern. F\u00fcr gro\u00dfe Strukturen m\u00fcssen Kr\u00e4nen f\u00fcr die Montage verwendet werden.<\/p>\n<p>Unser Unternehmen bietet komplette Dienstleistungen von der Konzeption und Planung bis zur Vor-Ort-Montage des kompletten Projekt.<\/p>\n<p>Freistehende Strukturen:<\/p>\n<ul class=\"check\">\n<h6>\n<li>Schornsteine<\/li>\n<\/h6>\n<h6>\n<li>T\u00fcrme<\/li>\n<\/h6>\n<h6>\n<li>Masten<\/li>\n<\/h6>\n<h6>\n<li>Pylonen (wie Werbepylonen)<\/li>\n<\/h6>\n<h6>\n<li>Andere Strukturen<\/li>\n<\/h6>\n<\/ul>\n<div class=\"photo_gallery\"><ul>\n<li><span class=\"frame\"><a href=\"http:\/\/www.instalcaz.eu\/wp-content\/uploads\/2012\/10\/chimney-1.jpg \" title=\"\"  rel=\"prettyPhoto[rt_photo_gallery]\" class=\"imgeffect plus\"><img src=\"http:\/\/www.instalcaz.eu\/wp-content\/uploads\/2012\/10\/chimney-1-129x135.jpg\" alt=\"chimney 1 129x135 Freistehende Schornsteine\"  title=\"Freistehende Schornsteine\" \/><\/a><\/span><span class=\"p_caption\" style=\"width:129px\"><\/span><\/li>\n<li><span class=\"frame\"><a href=\"http:\/\/www.instalcaz.eu\/wp-content\/uploads\/2012\/10\/chimney-2.jpg \" title=\"\"  rel=\"prettyPhoto[rt_photo_gallery]\" class=\"imgeffect plus\"><img src=\"http:\/\/www.instalcaz.eu\/wp-content\/uploads\/2012\/10\/chimney-2-129x135.jpg\" alt=\"chimney 2 129x135 Freistehende Schornsteine\"  title=\"Freistehende Schornsteine\" \/><\/a><\/span><span class=\"p_caption\" style=\"width:129px\"><\/span><\/li>\n<li><span class=\"frame\"><a href=\"http:\/\/www.instalcaz.eu\/wp-content\/uploads\/2012\/10\/chimney-3.jpg \" title=\"\"  rel=\"prettyPhoto[rt_photo_gallery]\" class=\"imgeffect plus\"><img src=\"http:\/\/www.instalcaz.eu\/wp-content\/uploads\/2012\/10\/chimney-3-129x135.jpg\" alt=\"chimney 3 129x135 Freistehende Schornsteine\"  title=\"Freistehende Schornsteine\" \/><\/a><\/span><span class=\"p_caption\" style=\"width:129px\"><\/span><\/li>\n<li><span class=\"frame\"><a href=\"http:\/\/www.instalcaz.eu\/wp-content\/uploads\/2012\/10\/chimney-4.jpg \" title=\"\"  rel=\"prettyPhoto[rt_photo_gallery]\" class=\"imgeffect plus\"><img src=\"http:\/\/www.instalcaz.eu\/wp-content\/uploads\/2012\/10\/chimney-4-129x135.jpg\" alt=\"chimney 4 129x135 Freistehende Schornsteine\"  title=\"Freistehende Schornsteine\" \/><\/a><\/span><span class=\"p_caption\" style=\"width:129px\"><\/span><\/li>\n<\/ul><div class=\"clear\"><\/div><\/div>\n<div class=\"clear\"><\/div><h3>Kontaktieren Sie uns!<\/h3><p><i>F\u00fcr Anfragen und Fragen zu unseren Produkten oder Dienstleistungen.<\/i><\/p><!-- contact form --><div class=\"clear\"><\/div><div id=\"result\"><\/div><div id=\"contact_form\">\t<form action=\"http:\/\/www.instalcaz.eu\/de\/wp-content\/themes\/instalcaz\/contact_form.php\" name=\"contact_form\" id=\"validate_form\" method=\"post\">\t\t<ul>\t\t\t<li><label for=\"name\">Name: (*)<\/label><input id=\"name\" type=\"text\" name=\"name\" value=\"\" class=\"required\" \/> <\/li>\t\t\t<li><label for=\"email\">E-mail: (*)<\/label><input id=\"email\" type=\"text\" name=\"email\" value=\"\" class=\"required email\"\t \/> <\/li>\t\t\t<li><label for=\"phone\">Telefon:<\/label><input id=\"phone\" type=\"text\" name=\"phone\" value=\"\" \/> <\/li>\t\t\t<li><label for=\"message\">Nachricht (*)<\/label><textarea  id=\"message\" name=\"message\" rows=\"8\" cols=\"40\"\tclass=\"required\"><\/textarea><\/li>\t\t\t<li>\t\t\t<input type=\"hidden\" name=\"your_email\" value=\"office@instalcaz.eu\">\t\t\t<input type=\"hidden\" name=\"your_web_site_name\" value=\"Druckbeh\u00e4lter - W\u00e4rmetauscher - Stahlbau - Schwei\u00dfen \u2013 Stahlkonstruktion - Instalcaz srl Brasov, Rumanian\">\t\t\t<input type=\"hidden\" name=\"text_1\" value=\"Thank you!\">\t\t\t<input type=\"hidden\" name=\"text_2\" value=\"Your message was delivired. We will respond in short time.\">\t\t\t<input type=\"hidden\" name=\"text_3\" value=\"There was an error submitting the form.\">\t\t\t<input type=\"hidden\" name=\"text_4\" value=\"Please enter a valid email address!\">\t\t\t<input type=\"submit\" class=\"button\" value=\"Senden\"  \/><span class=\"loading\"><\/span><\/li>\t\t<\/ul>\t<\/form><\/div><div class=\"clear\"><\/div><!-- \/contact form -->","protected":false},"excerpt":{"rendered":"<p>Die Planung, Ausf\u00fchrung und Montage von freistehende oder Struktural-unterst\u00fctzte Schornsteine \u200b\u200bf\u00fcr industrielle Heizkesseln, technologischen Ausr\u00fcstung oder andere Nutzungen ist ein Feld wo unser Unternehmen eine lange Tradition hat. Je nach den Bed\u00fcrfnissen des Klienten, industrielle Stahlschornsteinen variieren in H\u00f6he, Durchmesser, Material, Dicke der W\u00e4nde etc. F\u00fcr die Gestaltung der Schornsteine ist es wichtig seismische und [&hellip;]<\/p>\n","protected":false},"author":1,"featured_media":0,"parent":0,"menu_order":0,"comment_status":"closed","ping_status":"open","template":"","meta":[],"_links":{"self":[{"href":"http:\/\/www.instalcaz.eu\/de\/wp-json\/wp\/v2\/pages\/2341"}],"collection":[{"href":"http:\/\/www.instalcaz.eu\/de\/wp-json\/wp\/v2\/pages"}],"about":[{"href":"http:\/\/www.instalcaz.eu\/de\/wp-json\/wp\/v2\/types\/page"}],"author":[{"embeddable":true,"href":"http:\/\/www.instalcaz.eu\/de\/wp-json\/wp\/v2\/users\/1"}],"replies":[{"embeddable":true,"href":"http:\/\/www.instalcaz.eu\/de\/wp-json\/wp\/v2\/comments?post=2341"}],"version-history":[{"count":5,"href":"http:\/\/www.instalcaz.eu\/de\/wp-json\/wp\/v2\/pages\/2341\/revisions"}],"predecessor-version":[{"id":2398,"href":"http:\/\/www.instalcaz.eu\/de\/wp-json\/wp\/v2\/pages\/2341\/revisions\/2398"}],"wp:attachment":[{"href":"http:\/\/www.instalcaz.eu\/de\/wp-json\/wp\/v2\/media?parent=2341"}],"curies":[{"name":"wp","href":"https:\/\/api.w.org\/{rel}","templated":true}]}}