{"id":2343,"date":"2012-10-09T11:43:15","date_gmt":"2012-10-09T09:43:15","guid":{"rendered":"http:\/\/www.instalcaz.eu\/de\/?page_id=2343"},"modified":"2012-10-18T11:09:33","modified_gmt":"2012-10-18T09:09:33","slug":"rohrwalzen-tube-expanders","status":"publish","type":"page","link":"http:\/\/www.instalcaz.eu\/de\/rohrwalzen-tube-expanders\/","title":{"rendered":"Rohrwalzen  &#8211; Tube expanders"},"content":{"rendered":"<p>Die Montage der Rohrb\u00fcndel von unsere geschulten Arbeiter kann durch Schwei\u00dfen oder mittels Rohrwalzen (Tube Expander) Ausr\u00fcstung durchgef\u00fchrt werden. Die \u00fcblicherweise in der Herstellung von W\u00e4rmetauschern und anderen thermischen Anlagen verwendeten Rohrwalzen sind gute L\u00f6sung f\u00fcr die Befestigung von Rohren in Rohrb\u00f6den.<\/p>\n<p>In einigen F\u00e4llen (vor allem in der Petrochemie) nach der Befestigung der Rohre mit Rohrwalzen wird eine zus\u00e4tzliche Bedeckung von Schwei\u00dfen eingesetzt.<\/p>\n<p><strong>Video beispiel- Rohrwalzen &#8211; Tube expanders<\/strong><br \/>\n<object width=\"420\" height=\"315\"><param name=\"movie\" value=\"http:\/\/www.youtube.com\/v\/bpFs7pw6pQ4?version=3&amp;hl=en_US\"><\/param><param name=\"allowFullScreen\" value=\"true\"><\/param><param name=\"allowscriptaccess\" value=\"always\"><\/param><embed src=\"http:\/\/www.youtube.com\/v\/bpFs7pw6pQ4?version=3&amp;hl=en_US\" type=\"application\/x-shockwave-flash\" width=\"420\" height=\"315\" allowscriptaccess=\"always\" allowfullscreen=\"true\"><\/embed><\/object><\/p>\n<div class=\"clear\"><\/div><h3>Kontaktieren Sie uns!<\/h3><p><i>F\u00fcr Anfragen und Fragen zu unseren Produkten oder Dienstleistungen.<\/i><\/p><!-- contact form --><div class=\"clear\"><\/div><div id=\"result\"><\/div><div id=\"contact_form\">\t<form action=\"http:\/\/www.instalcaz.eu\/de\/wp-content\/themes\/instalcaz\/contact_form.php\" name=\"contact_form\" id=\"validate_form\" method=\"post\">\t\t<ul>\t\t\t<li><label for=\"name\">Name: (*)<\/label><input id=\"name\" type=\"text\" name=\"name\" value=\"\" class=\"required\" \/> <\/li>\t\t\t<li><label for=\"email\">E-mail: (*)<\/label><input id=\"email\" type=\"text\" name=\"email\" value=\"\" class=\"required email\"\t \/> <\/li>\t\t\t<li><label for=\"phone\">Telefon:<\/label><input id=\"phone\" type=\"text\" name=\"phone\" value=\"\" \/> <\/li>\t\t\t<li><label for=\"message\">Nachricht (*)<\/label><textarea  id=\"message\" name=\"message\" rows=\"8\" cols=\"40\"\tclass=\"required\"><\/textarea><\/li>\t\t\t<li>\t\t\t<input type=\"hidden\" name=\"your_email\" value=\"office@instalcaz.eu\">\t\t\t<input type=\"hidden\" name=\"your_web_site_name\" value=\"Druckbeh\u00e4lter - W\u00e4rmetauscher - Stahlbau - Schwei\u00dfen \u2013 Stahlkonstruktion - Instalcaz srl Brasov, Rumanian\">\t\t\t<input type=\"hidden\" name=\"text_1\" value=\"Thank you!\">\t\t\t<input type=\"hidden\" name=\"text_2\" value=\"Your message was delivired. We will respond in short time.\">\t\t\t<input type=\"hidden\" name=\"text_3\" value=\"There was an error submitting the form.\">\t\t\t<input type=\"hidden\" name=\"text_4\" value=\"Please enter a valid email address!\">\t\t\t<input type=\"submit\" class=\"button\" value=\"Senden\"  \/><span class=\"loading\"><\/span><\/li>\t\t<\/ul>\t<\/form><\/div><div class=\"clear\"><\/div><!-- \/contact form -->","protected":false},"excerpt":{"rendered":"<p>Die Montage der Rohrb\u00fcndel von unsere geschulten Arbeiter kann durch Schwei\u00dfen oder mittels Rohrwalzen (Tube Expander) Ausr\u00fcstung durchgef\u00fchrt werden. Die \u00fcblicherweise in der Herstellung von W\u00e4rmetauschern und anderen thermischen Anlagen verwendeten Rohrwalzen sind gute L\u00f6sung f\u00fcr die Befestigung von Rohren in Rohrb\u00f6den. In einigen F\u00e4llen (vor allem in der Petrochemie) nach der Befestigung der Rohre [&hellip;]<\/p>\n","protected":false},"author":1,"featured_media":0,"parent":0,"menu_order":0,"comment_status":"closed","ping_status":"open","template":"","meta":[],"_links":{"self":[{"href":"http:\/\/www.instalcaz.eu\/de\/wp-json\/wp\/v2\/pages\/2343"}],"collection":[{"href":"http:\/\/www.instalcaz.eu\/de\/wp-json\/wp\/v2\/pages"}],"about":[{"href":"http:\/\/www.instalcaz.eu\/de\/wp-json\/wp\/v2\/types\/page"}],"author":[{"embeddable":true,"href":"http:\/\/www.instalcaz.eu\/de\/wp-json\/wp\/v2\/users\/1"}],"replies":[{"embeddable":true,"href":"http:\/\/www.instalcaz.eu\/de\/wp-json\/wp\/v2\/comments?post=2343"}],"version-history":[{"count":4,"href":"http:\/\/www.instalcaz.eu\/de\/wp-json\/wp\/v2\/pages\/2343\/revisions"}],"predecessor-version":[{"id":2404,"href":"http:\/\/www.instalcaz.eu\/de\/wp-json\/wp\/v2\/pages\/2343\/revisions\/2404"}],"wp:attachment":[{"href":"http:\/\/www.instalcaz.eu\/de\/wp-json\/wp\/v2\/media?parent=2343"}],"curies":[{"name":"wp","href":"https:\/\/api.w.org\/{rel}","templated":true}]}}