{"id":2345,"date":"2012-10-09T11:43:46","date_gmt":"2012-10-09T09:43:46","guid":{"rendered":"http:\/\/www.instalcaz.eu\/de\/?page_id=2345"},"modified":"2012-10-16T10:52:11","modified_gmt":"2012-10-16T08:52:11","slug":"produkte","status":"publish","type":"page","link":"http:\/\/www.instalcaz.eu\/de\/produkte\/","title":{"rendered":"Produkte"},"content":{"rendered":"<p>Unsere langj\u00e4hrige Erfahrung in diesem Bereich, erm\u00f6glicht uns unseren Kunden qualitativ hochwertige Produkte und L\u00f6sungen f\u00fcr komplexe Anfragen zu bieten.<\/p>\n<table border=\"0\" style=\"background-color:white;\"  cellspacing=\"0\">\n<tbody>\n<tr>\n<td valign=\"top\" width=\"250\">\nProdukte:<\/p>\n<ul class=\"check\">\n<h6>\n<li>Druckbeh\u00e4lter<\/li>\n<\/h6>\n<h6>\n<li>W\u00e4rmetauscher<\/li>\n<\/h6>\n<h6>\n<li>Filters, Separators<\/li>\n<\/h6>\n<h6>\n<li>Beh\u00e4lter (Tanks)<\/li>\n<\/h6>\n<h6>\n<li>Skids<\/li>\n<\/h6>\n<h6>\n<li>Freistehende Schornsteine \u200b\u200bund T\u00fcrme<\/li>\n<\/h6>\n<h6>\n<li>Flansche, Schauglas und andere Armaturen<\/li>\n<\/h6>\n<h6>\n<li>Andere Stahl &#8211; Schwei\u00dfkonstruktionen<\/li>\n<\/h6>\n<\/ul>\n<\/td>\n<td valign=\"top\" width=\"290\">\nDienstleistungen:<\/p>\n<ul class=\"check\">\n<h6>\n<li>Design und Engineering<\/li>\n<\/h6>\n<h6>\n<li>Auf der Baustelle Schwei\u00dfen oder Montage von Beh\u00e4ltern, Stahlkonstruktionen und andere Produkte<\/li>\n<\/h6>\n<h6>\n<li>Schwei\u00dfen<\/li>\n<\/h6>\n<h6>\n<li>Rohrleitungen<\/li>\n<\/h6>\n<h6>\n<li>Kessel und Kesselraum Montage<\/li>\n<\/h6>\n<h6>\n<li>Reparaturen fur industriellen Kesseln<\/li>\n<\/h6>\n<h6>\n<li>Stahlkonstruktionen<\/li>\n<\/h6>\n<\/ul>\n<\/td>\n<\/tr>\n<\/tbody>\n<\/table>\n<p>Unser industriellen Werkstatt ist komplett ausgestattet mit den n\u00f6tigen Maschinen: Drehmaschinen, Schwei\u00dfmaschinen, Bohrmaschinen, Fr\u00e4smaschinen, Walzmaschinen (Blech-und Profilwalzen) etc.<\/p>\n<div class=\"clear\"><\/div><h3>Kontaktieren Sie uns!<\/h3><p><i>F\u00fcr Anfragen und Fragen zu unseren Produkten oder Dienstleistungen.<\/i><\/p><!-- contact form --><div class=\"clear\"><\/div><div id=\"result\"><\/div><div id=\"contact_form\">\t<form action=\"http:\/\/www.instalcaz.eu\/de\/wp-content\/themes\/instalcaz\/contact_form.php\" name=\"contact_form\" id=\"validate_form\" method=\"post\">\t\t<ul>\t\t\t<li><label for=\"name\">Name: (*)<\/label><input id=\"name\" type=\"text\" name=\"name\" value=\"\" class=\"required\" \/> <\/li>\t\t\t<li><label for=\"email\">E-mail: (*)<\/label><input id=\"email\" type=\"text\" name=\"email\" value=\"\" class=\"required email\"\t \/> <\/li>\t\t\t<li><label for=\"phone\">Telefon:<\/label><input id=\"phone\" type=\"text\" name=\"phone\" value=\"\" \/> <\/li>\t\t\t<li><label for=\"message\">Nachricht (*)<\/label><textarea  id=\"message\" name=\"message\" rows=\"8\" cols=\"40\"\tclass=\"required\"><\/textarea><\/li>\t\t\t<li>\t\t\t<input type=\"hidden\" name=\"your_email\" value=\"office@instalcaz.eu\">\t\t\t<input type=\"hidden\" name=\"your_web_site_name\" value=\"Druckbeh\u00e4lter - W\u00e4rmetauscher - Stahlbau - Schwei\u00dfen \u2013 Stahlkonstruktion - Instalcaz srl Brasov, Rumanian\">\t\t\t<input type=\"hidden\" name=\"text_1\" value=\"Thank you!\">\t\t\t<input type=\"hidden\" name=\"text_2\" value=\"Your message was delivired. We will respond in short time.\">\t\t\t<input type=\"hidden\" name=\"text_3\" value=\"There was an error submitting the form.\">\t\t\t<input type=\"hidden\" name=\"text_4\" value=\"Please enter a valid email address!\">\t\t\t<input type=\"submit\" class=\"button\" value=\"Senden\"  \/><span class=\"loading\"><\/span><\/li>\t\t<\/ul>\t<\/form><\/div><div class=\"clear\"><\/div><!-- \/contact form -->","protected":false},"excerpt":{"rendered":"<p>Unsere langj\u00e4hrige Erfahrung in diesem Bereich, erm\u00f6glicht uns unseren Kunden qualitativ hochwertige Produkte und L\u00f6sungen f\u00fcr komplexe Anfragen zu bieten. Produkte: Druckbeh\u00e4lter W\u00e4rmetauscher Filters, Separators Beh\u00e4lter (Tanks) Skids Freistehende Schornsteine \u200b\u200bund T\u00fcrme Flansche, Schauglas und andere Armaturen Andere Stahl &#8211; Schwei\u00dfkonstruktionen Dienstleistungen: Design und Engineering Auf der Baustelle Schwei\u00dfen oder Montage von Beh\u00e4ltern, Stahlkonstruktionen und [&hellip;]<\/p>\n","protected":false},"author":1,"featured_media":0,"parent":0,"menu_order":0,"comment_status":"closed","ping_status":"open","template":"","meta":[],"_links":{"self":[{"href":"http:\/\/www.instalcaz.eu\/de\/wp-json\/wp\/v2\/pages\/2345"}],"collection":[{"href":"http:\/\/www.instalcaz.eu\/de\/wp-json\/wp\/v2\/pages"}],"about":[{"href":"http:\/\/www.instalcaz.eu\/de\/wp-json\/wp\/v2\/types\/page"}],"author":[{"embeddable":true,"href":"http:\/\/www.instalcaz.eu\/de\/wp-json\/wp\/v2\/users\/1"}],"replies":[{"embeddable":true,"href":"http:\/\/www.instalcaz.eu\/de\/wp-json\/wp\/v2\/comments?post=2345"}],"version-history":[{"count":4,"href":"http:\/\/www.instalcaz.eu\/de\/wp-json\/wp\/v2\/pages\/2345\/revisions"}],"predecessor-version":[{"id":2371,"href":"http:\/\/www.instalcaz.eu\/de\/wp-json\/wp\/v2\/pages\/2345\/revisions\/2371"}],"wp:attachment":[{"href":"http:\/\/www.instalcaz.eu\/de\/wp-json\/wp\/v2\/media?parent=2345"}],"curies":[{"name":"wp","href":"https:\/\/api.w.org\/{rel}","templated":true}]}}